{"id":562,"date":"2025-02-05T06:15:23","date_gmt":"2025-02-05T06:15:23","guid":{"rendered":"http:\/\/localhost\/wordpress\/?page_id=562"},"modified":"2025-05-06T11:49:29","modified_gmt":"2025-05-06T02:49:29","slug":"factory","status":"publish","type":"page","link":"https:\/\/www.nitori-furniture.com\/?page_id=562","title":{"rendered":"FACTORY"},"content":{"rendered":"\t\t<div data-elementor-type=\"wp-page\" data-elementor-id=\"562\" class=\"elementor elementor-562\" data-elementor-post-type=\"page\">\n\t\t\t\t<div class=\"elementor-element elementor-element-32f0dc0 e-flex e-con-boxed e-con e-parent\" data-id=\"32f0dc0\" data-element_type=\"container\">\n\t\t\t\t\t<div class=\"e-con-inner\">\n\t\t\t\t<div class=\"elementor-element elementor-element-8545fa1 elementor-widget elementor-widget-heading\" data-id=\"8545fa1\" data-element_type=\"widget\" data-widget_type=\"heading.default\">\n\t\t\t\t<div class=\"elementor-widget-container\">\n\t\t\t\t\t<h2 class=\"elementor-heading-title elementor-size-default\">Factory<\/h2>\t\t\t\t<\/div>\n\t\t\t\t<\/div>\n\t\t\t\t<div class=\"elementor-element elementor-element-74aebe3 elementor-widget-divider--view-line elementor-widget elementor-widget-divider\" data-id=\"74aebe3\" data-element_type=\"widget\" data-widget_type=\"divider.default\">\n\t\t\t\t<div class=\"elementor-widget-container\">\n\t\t\t\t\t\t\t<div class=\"elementor-divider\">\n\t\t\t<span class=\"elementor-divider-separator\">\n\t\t\t\t\t\t<\/span>\n\t\t<\/div>\n\t\t\t\t\t\t<\/div>\n\t\t\t\t<\/div>\n\t\t\t\t<div class=\"elementor-element elementor-element-f776e7f elementor-widget elementor-widget-image\" data-id=\"f776e7f\" data-element_type=\"widget\" data-widget_type=\"image.default\">\n\t\t\t\t<div class=\"elementor-widget-container\">\n\t\t\t\t\t\t\t\t\t\t\t\t\t\t\t<img fetchpriority=\"high\" decoding=\"async\" width=\"1280\" height=\"468\" src=\"https:\/\/www.nitori-furniture.com\/wp-content\/uploads\/2025\/02\/factory-bg.png\" class=\"attachment-full size-full wp-image-1899\" alt=\"\" srcset=\"https:\/\/www.nitori-furniture.com\/wp-content\/uploads\/2025\/02\/factory-bg.png 1280w, https:\/\/www.nitori-furniture.com\/wp-content\/uploads\/2025\/02\/factory-bg-300x110.png 300w, https:\/\/www.nitori-furniture.com\/wp-content\/uploads\/2025\/02\/factory-bg-1024x374.png 1024w, https:\/\/www.nitori-furniture.com\/wp-content\/uploads\/2025\/02\/factory-bg-768x281.png 768w\" sizes=\"(max-width: 1280px) 100vw, 1280px\" \/>\t\t\t\t\t\t\t\t\t\t\t\t\t\t\t<\/div>\n\t\t\t\t<\/div>\n\t\t\t\t<div class=\"elementor-element elementor-element-e264f63 elementor-widget elementor-widget-heading\" data-id=\"e264f63\" data-element_type=\"widget\" data-widget_type=\"heading.default\">\n\t\t\t\t<div class=\"elementor-widget-container\">\n\t\t\t\t\t<h2 class=\"elementor-heading-title elementor-size-default\">Initiatives to ensure comprehensive quality control and improve work environment<\/h2>\t\t\t\t<\/div>\n\t\t\t\t<\/div>\n\t\t\t\t<div class=\"elementor-element elementor-element-ec56d09 elementor-widget elementor-widget-text-editor\" data-id=\"ec56d09\" data-element_type=\"widget\" data-widget_type=\"text-editor.default\">\n\t\t\t\t<div class=\"elementor-widget-container\">\n\t\t\t\t\t\t\t\t\t<p>At NITORI FURNITURE, each factory is committed to quality control in the manufacturing process. Employees participate in \u201cProduct Safety and After-Sales Service Reduction Meetings\u201d where customer feedback is gathered for improvements and reforms. Additionally, Nitori group World Circle (NWC) activities involve small groups of employees identifying issues from everyday tasks and making necessary improvements. These activities are aimed at enhancing quality and productivity through daily tasks.<\/p><p>Departments specializing in factory control monitor occupational safety and attendance, based on NITORI Group\u2019s belief that a well-maintained work environment leads to stable quality. These checks ensure there are no risks that might lead to accidents and that employees take sufficient breaks. Free meals are provided in the factory cafeterias, which are well received by the employees. The factories also create employment opportunities in local areas, contributing to the development of local communities.<\/p>\t\t\t\t\t\t\t\t<\/div>\n\t\t\t\t<\/div>\n\t\t\t\t<div class=\"elementor-element elementor-element-b5ac7e4 elementor-widget elementor-widget-heading\" data-id=\"b5ac7e4\" data-element_type=\"widget\" data-widget_type=\"heading.default\">\n\t\t\t\t<div class=\"elementor-widget-container\">\n\t\t\t\t\t<h2 class=\"elementor-heading-title elementor-size-default\">Initiatives of our own factories to address environmental and social issues<\/h2>\t\t\t\t<\/div>\n\t\t\t\t<\/div>\n\t\t\t\t\t<\/div>\n\t\t\t\t<\/div>\n\t\t<div class=\"elementor-element elementor-element-841ca17 e-grid e-con-boxed e-con e-parent\" data-id=\"841ca17\" data-element_type=\"container\">\n\t\t\t\t\t<div class=\"e-con-inner\">\n\t\t\t\t<div class=\"elementor-element elementor-element-5ccfa9b elementor-widget elementor-widget-text-editor\" data-id=\"5ccfa9b\" data-element_type=\"widget\" data-widget_type=\"text-editor.default\">\n\t\t\t\t<div class=\"elementor-widget-container\">\n\t\t\t\t\t\t\t\t\t<p>In our factories with many female workers, we enhance automation and reduce manual labor in furniture production. We continually install new equipment like &#8220;vacuum lifts&#8221; (*picture on the right), ensuring safer and less labor-intensive operations for large products. This not only boosts efficiency but also creates a more comfortable work environment.<\/p>\t\t\t\t\t\t\t\t<\/div>\n\t\t\t\t<\/div>\n\t\t\t\t<div class=\"elementor-element elementor-element-7be2d45 elementor-widget__width-initial elementor-widget-tablet__width-initial elementor-widget elementor-widget-image\" data-id=\"7be2d45\" data-element_type=\"widget\" data-widget_type=\"image.default\">\n\t\t\t\t<div class=\"elementor-widget-container\">\n\t\t\t\t\t\t\t\t\t\t\t\t\t\t\t<img decoding=\"async\" width=\"970\" height=\"720\" data-src=\"https:\/\/www.nitori-furniture.com\/wp-content\/uploads\/2025\/02\/factory-img-1.png\" class=\"attachment-full size-full wp-image-1913 lazyload\" alt=\"\" data-srcset=\"https:\/\/www.nitori-furniture.com\/wp-content\/uploads\/2025\/02\/factory-img-1.png 970w, https:\/\/www.nitori-furniture.com\/wp-content\/uploads\/2025\/02\/factory-img-1-300x223.png 300w, https:\/\/www.nitori-furniture.com\/wp-content\/uploads\/2025\/02\/factory-img-1-768x570.png 768w\" data-sizes=\"(max-width: 970px) 100vw, 970px\" src=\"data:image\/gif;base64,R0lGODlhAQABAAAAACH5BAEKAAEALAAAAAABAAEAAAICTAEAOw==\" style=\"--smush-placeholder-width: 970px; --smush-placeholder-aspect-ratio: 970\/720;\" \/>\t\t\t\t\t\t\t\t\t\t\t\t\t\t\t<\/div>\n\t\t\t\t<\/div>\n\t\t\t\t\t<\/div>\n\t\t\t\t<\/div>\n\t\t<div class=\"elementor-element elementor-element-93d72f9 e-flex e-con-boxed e-con e-parent\" data-id=\"93d72f9\" data-element_type=\"container\">\n\t\t\t\t\t<div class=\"e-con-inner\">\n\t\t\t\t<div class=\"elementor-element elementor-element-1780757 elementor-widget elementor-widget-heading\" data-id=\"1780757\" data-element_type=\"widget\" data-widget_type=\"heading.default\">\n\t\t\t\t<div class=\"elementor-widget-container\">\n\t\t\t\t\t<h2 class=\"elementor-heading-title elementor-size-default\">HANOI Factory (Headquarter)<\/h2>\t\t\t\t<\/div>\n\t\t\t\t<\/div>\n\t\t\t\t<div class=\"elementor-element elementor-element-23b1580 elementor-widget elementor-widget-image\" data-id=\"23b1580\" data-element_type=\"widget\" data-widget_type=\"image.default\">\n\t\t\t\t<div class=\"elementor-widget-container\">\n\t\t\t\t\t\t\t\t\t\t\t\t\t\t\t<img decoding=\"async\" data-src=\"https:\/\/www.nitori-furniture.com\/wp-content\/uploads\/2025\/02\/factory-ha-noi.png\" title=\"factory-ha-noi\" alt=\"factory-ha-noi\" src=\"data:image\/gif;base64,R0lGODlhAQABAAAAACH5BAEKAAEALAAAAAABAAEAAAICTAEAOw==\" class=\"lazyload\" style=\"--smush-placeholder-width: 964px; --smush-placeholder-aspect-ratio: 964\/542;\" \/>\t\t\t\t\t\t\t\t\t\t\t\t\t\t\t<\/div>\n\t\t\t\t<\/div>\n\t\t\t\t<div class=\"elementor-element elementor-element-95a99e5 elementor-widget elementor-widget-text-editor\" data-id=\"95a99e5\" data-element_type=\"widget\" data-widget_type=\"text-editor.default\">\n\t\t\t\t<div class=\"elementor-widget-container\">\n\t\t\t\t\t\t\t\t\t<p>Hanoi factory, operational since 2004, covers 160,000 square meters. It primarily produces furniture and efficiently uses resources by utilizing wood scraps and recycling urethane.\u00a0Hanoi factory is in Quang Minh Industrial Park, conveniently near Noi Bai International Airport and Hanoi city center.<\/p>\t\t\t\t\t\t\t\t<\/div>\n\t\t\t\t<\/div>\n\t\t\t\t<div class=\"elementor-element elementor-element-684a2c4 elementor-widget elementor-widget-google_maps\" data-id=\"684a2c4\" data-element_type=\"widget\" data-widget_type=\"google_maps.default\">\n\t\t\t\t<div class=\"elementor-widget-container\">\n\t\t\t\t\t\t\t<div class=\"elementor-custom-embed\">\n\t\t\t<iframe\n\t\t\t\t\tdata-src=\"https:\/\/maps.google.com\/maps?q=Doanh%20Nghi%E1%BB%87p%20Ch%E1%BA%BF%20Xu%E1%BA%A5t%20Nitori%20Vi%E1%BB%87t%20Nam&#038;t=m&#038;z=16&#038;output=embed&#038;iwloc=near\"\n\t\t\t\t\ttitle=\"Doanh Nghi\u1ec7p Ch\u1ebf Xu\u1ea5t Nitori Vi\u1ec7t Nam\"\n\t\t\t\t\taria-label=\"Doanh Nghi\u1ec7p Ch\u1ebf Xu\u1ea5t Nitori Vi\u1ec7t Nam\"\n\t\t\t src=\"data:image\/gif;base64,R0lGODlhAQABAAAAACH5BAEKAAEALAAAAAABAAEAAAICTAEAOw==\" class=\"lazyload\" data-load-mode=\"1\"><\/iframe>\n\t\t<\/div>\n\t\t\t\t\t\t<\/div>\n\t\t\t\t<\/div>\n\t\t\t\t\t<\/div>\n\t\t\t\t<\/div>\n\t\t<div class=\"elementor-element elementor-element-2b0da18 e-flex e-con-boxed e-con e-parent\" data-id=\"2b0da18\" data-element_type=\"container\">\n\t\t\t\t\t<div class=\"e-con-inner\">\n\t\t\t\t<div class=\"elementor-element elementor-element-f61a736 elementor-widget elementor-widget-heading\" data-id=\"f61a736\" data-element_type=\"widget\" data-widget_type=\"heading.default\">\n\t\t\t\t<div class=\"elementor-widget-container\">\n\t\t\t\t\t<h2 class=\"elementor-heading-title elementor-size-default\">PRODUCTION ITEMS<\/h2>\t\t\t\t<\/div>\n\t\t\t\t<\/div>\n\t\t\t\t<div class=\"elementor-element elementor-element-73141e6 elementor-widget elementor-widget-text-editor\" data-id=\"73141e6\" data-element_type=\"widget\" data-widget_type=\"text-editor.default\">\n\t\t\t\t<div class=\"elementor-widget-container\">\n\t\t\t\t\t\t\t\t\t<p>At our Hanoi factory, we produce four main categories of furniture. First, &#8220;Hako&#8221; includes wooden items like kitchen boards, cupboards, TV boards, chests, and wardrobes. Second, &#8220;Bed Frames,&#8221; featuring popular NITORI designs with sliding storage. Third, &#8220;Sofas,&#8221; include both affordable fabric options and newly introduced leather sofas. Lastly, &#8220;Mattress,&#8221; with &#8220;N-sleep&#8221; being a popular product from NITORI\u00a0Furniture.<\/p>\t\t\t\t\t\t\t\t<\/div>\n\t\t\t\t<\/div>\n\t\t\t\t\t<\/div>\n\t\t\t\t<\/div>\n\t\t<div class=\"elementor-element elementor-element-83d39de e-flex e-con-boxed e-con e-parent\" data-id=\"83d39de\" data-element_type=\"container\">\n\t\t\t\t\t<div class=\"e-con-inner\">\n\t\t\t\t<div class=\"elementor-element elementor-element-2581224 elementor-widget elementor-widget-heading\" data-id=\"2581224\" data-element_type=\"widget\" data-widget_type=\"heading.default\">\n\t\t\t\t<div class=\"elementor-widget-container\">\n\t\t\t\t\t<h2 class=\"elementor-heading-title elementor-size-default\">Ba Ria-Vung Tau Factory (Branch)<\/h2>\t\t\t\t<\/div>\n\t\t\t\t<\/div>\n\t\t\t\t<div class=\"elementor-element elementor-element-be12250 elementor-widget elementor-widget-image\" data-id=\"be12250\" data-element_type=\"widget\" data-widget_type=\"image.default\">\n\t\t\t\t<div class=\"elementor-widget-container\">\n\t\t\t\t\t\t\t\t\t\t\t\t\t\t\t<img decoding=\"async\" width=\"964\" height=\"542\" data-src=\"https:\/\/www.nitori-furniture.com\/wp-content\/uploads\/2025\/02\/factory-ba-ria-vung-tau.png\" class=\"attachment-full size-full wp-image-1887 lazyload\" alt=\"\" data-srcset=\"https:\/\/www.nitori-furniture.com\/wp-content\/uploads\/2025\/02\/factory-ba-ria-vung-tau.png 964w, https:\/\/www.nitori-furniture.com\/wp-content\/uploads\/2025\/02\/factory-ba-ria-vung-tau-300x169.png 300w, https:\/\/www.nitori-furniture.com\/wp-content\/uploads\/2025\/02\/factory-ba-ria-vung-tau-768x432.png 768w\" data-sizes=\"(max-width: 964px) 100vw, 964px\" src=\"data:image\/gif;base64,R0lGODlhAQABAAAAACH5BAEKAAEALAAAAAABAAEAAAICTAEAOw==\" style=\"--smush-placeholder-width: 964px; --smush-placeholder-aspect-ratio: 964\/542;\" \/>\t\t\t\t\t\t\t\t\t\t\t\t\t\t\t<\/div>\n\t\t\t\t<\/div>\n\t\t\t\t<div class=\"elementor-element elementor-element-390f43b elementor-widget elementor-widget-text-editor\" data-id=\"390f43b\" data-element_type=\"widget\" data-widget_type=\"text-editor.default\">\n\t\t\t\t<div class=\"elementor-widget-container\">\n\t\t\t\t\t\t\t\t\t<p>Ba Ria-Vung Tau factory, operational since 2017, spans about 400,000 square meters, which is 2.5 times larger than the Hanoi factory. It produces not only furniture, but also home furnishing goods like curtains, N-Cool products, and bedding.<\/p><p>The Ba Ria-Vung Tau factory is in the Phu My 3 Industrial Park, about 90 minutes from Ho Chi Minh City.<\/p>\t\t\t\t\t\t\t\t<\/div>\n\t\t\t\t<\/div>\n\t\t\t\t<div class=\"elementor-element elementor-element-99cb5da elementor-widget elementor-widget-google_maps\" data-id=\"99cb5da\" data-element_type=\"widget\" data-widget_type=\"google_maps.default\">\n\t\t\t\t<div class=\"elementor-widget-container\">\n\t\t\t\t\t\t\t<div class=\"elementor-custom-embed\">\n\t\t\t<iframe\n\t\t\t\t\tdata-src=\"https:\/\/maps.google.com\/maps?q=C%C3%B4ng%20ty%20TNHH%20NITORI%20FUNITURE&#038;t=m&#038;z=16&#038;output=embed&#038;iwloc=near\"\n\t\t\t\t\ttitle=\"C\u00f4ng ty TNHH NITORI FUNITURE\"\n\t\t\t\t\taria-label=\"C\u00f4ng ty TNHH NITORI FUNITURE\"\n\t\t\t src=\"data:image\/gif;base64,R0lGODlhAQABAAAAACH5BAEKAAEALAAAAAABAAEAAAICTAEAOw==\" class=\"lazyload\" data-load-mode=\"1\"><\/iframe>\n\t\t<\/div>\n\t\t\t\t\t\t<\/div>\n\t\t\t\t<\/div>\n\t\t\t\t\t<\/div>\n\t\t\t\t<\/div>\n\t\t<div class=\"elementor-element elementor-element-791f1ea e-flex e-con-boxed e-con e-parent\" data-id=\"791f1ea\" data-element_type=\"container\">\n\t\t\t\t\t<div class=\"e-con-inner\">\n\t\t\t\t<div class=\"elementor-element elementor-element-70230a9 elementor-widget elementor-widget-heading\" data-id=\"70230a9\" data-element_type=\"widget\" data-widget_type=\"heading.default\">\n\t\t\t\t<div class=\"elementor-widget-container\">\n\t\t\t\t\t<h2 class=\"elementor-heading-title elementor-size-default\">PRODUCTION ITEMS<\/h2>\t\t\t\t<\/div>\n\t\t\t\t<\/div>\n\t\t\t\t<div class=\"elementor-element elementor-element-c701253 elementor-widget elementor-widget-text-editor\" data-id=\"c701253\" data-element_type=\"widget\" data-widget_type=\"text-editor.default\">\n\t\t\t\t<div class=\"elementor-widget-container\">\n\t\t\t\t\t\t\t\t\t<p>Unlike Hanoi Factory, Ba Ria-Vung Tau Factory is distinguished by its production of both furniture and fabric products. In the furniture sector, we manufacture two types of furniture: dining tables and chairs made from solid wood, and mattresses. Concurrently, in the fabric sector, we produce bedding and curtains, including the &#8220;N-cool&#8221; series, which is among the most popular items at NITORI.<\/p>\t\t\t\t\t\t\t\t<\/div>\n\t\t\t\t<\/div>\n\t\t\t\t\t<\/div>\n\t\t\t\t<\/div>\n\t\t<div class=\"elementor-element elementor-element-0a5b7ec e-flex e-con-boxed e-con e-parent\" data-id=\"0a5b7ec\" data-element_type=\"container\">\n\t\t\t\t\t<div class=\"e-con-inner\">\n\t\t\t\t<div class=\"elementor-element elementor-element-6976fd4 elementor-widget elementor-widget-heading\" data-id=\"6976fd4\" data-element_type=\"widget\" data-widget_type=\"heading.default\">\n\t\t\t\t<div class=\"elementor-widget-container\">\n\t\t\t\t\t<h2 class=\"elementor-heading-title elementor-size-default\">Vinh Phuc Factory (Branch)<\/h2>\t\t\t\t<\/div>\n\t\t\t\t<\/div>\n\t\t\t\t<div class=\"elementor-element elementor-element-d144617 elementor-widget elementor-widget-image\" data-id=\"d144617\" data-element_type=\"widget\" data-widget_type=\"image.default\">\n\t\t\t\t<div class=\"elementor-widget-container\">\n\t\t\t\t\t\t\t\t\t\t\t\t\t\t\t<img decoding=\"async\" width=\"800\" height=\"450\" data-src=\"https:\/\/www.nitori-furniture.com\/wp-content\/uploads\/2025\/02\/factory-vinh-phuc.png\" class=\"attachment-large size-large wp-image-1888 lazyload\" alt=\"\" data-srcset=\"https:\/\/www.nitori-furniture.com\/wp-content\/uploads\/2025\/02\/factory-vinh-phuc.png 964w, https:\/\/www.nitori-furniture.com\/wp-content\/uploads\/2025\/02\/factory-vinh-phuc-300x169.png 300w, https:\/\/www.nitori-furniture.com\/wp-content\/uploads\/2025\/02\/factory-vinh-phuc-768x432.png 768w\" data-sizes=\"(max-width: 800px) 100vw, 800px\" src=\"data:image\/gif;base64,R0lGODlhAQABAAAAACH5BAEKAAEALAAAAAABAAEAAAICTAEAOw==\" style=\"--smush-placeholder-width: 800px; --smush-placeholder-aspect-ratio: 800\/450;\" \/>\t\t\t\t\t\t\t\t\t\t\t\t\t\t\t<\/div>\n\t\t\t\t<\/div>\n\t\t\t\t<div class=\"elementor-element elementor-element-131a797 elementor-widget elementor-widget-text-editor\" data-id=\"131a797\" data-element_type=\"widget\" data-widget_type=\"text-editor.default\">\n\t\t\t\t<div class=\"elementor-widget-container\">\n\t\t\t\t\t\t\t\t\t<p>Vinh Phuc Factory aims to start operations in March 2025. Like Ba Ria-Vung Tau Factory, it spans approximately 400,000 square meters. It will initially produce sofas and mattresses transferred from the Hanoi Factory, with plans to introduce efficient automated lines for more affordable products. Located in Son Loi Industrial Park, about 30 minutes from Hanoi Factory and next to the highway interchange, it offers convenient access.<\/p>\t\t\t\t\t\t\t\t<\/div>\n\t\t\t\t<\/div>\n\t\t\t\t<div class=\"elementor-element elementor-element-ef064e3 elementor-widget elementor-widget-google_maps\" data-id=\"ef064e3\" data-element_type=\"widget\" data-widget_type=\"google_maps.default\">\n\t\t\t\t<div class=\"elementor-widget-container\">\n\t\t\t\t\t\t\t<div class=\"elementor-custom-embed\">\n\t\t\t<iframe\n\t\t\t\t\tdata-src=\"https:\/\/maps.google.com\/maps?q=NITORI%20FURNITURE%20VIET%20NAM%20EPE%20VINH%20PHUC%20BRANCH%2C%20Vi%E1%BB%87t%20Nam%2C%20V%C4%A9nh%20Ph%C3%BAc%2C%20B%C3%ACnh%20Xuy%C3%AAn%2C%20S%C6%A1n%20L%C3%B4i&#038;t=m&#038;z=16&#038;output=embed&#038;iwloc=near\"\n\t\t\t\t\ttitle=\"NITORI FURNITURE VIET NAM EPE VINH PHUC BRANCH, Vi\u1ec7t Nam, V\u0129nh Ph\u00fac, B\u00ecnh Xuy\u00ean, S\u01a1n L\u00f4i\"\n\t\t\t\t\taria-label=\"NITORI FURNITURE VIET NAM EPE VINH PHUC BRANCH, Vi\u1ec7t Nam, V\u0129nh Ph\u00fac, B\u00ecnh Xuy\u00ean, S\u01a1n L\u00f4i\"\n\t\t\t src=\"data:image\/gif;base64,R0lGODlhAQABAAAAACH5BAEKAAEALAAAAAABAAEAAAICTAEAOw==\" class=\"lazyload\" data-load-mode=\"1\"><\/iframe>\n\t\t<\/div>\n\t\t\t\t\t\t<\/div>\n\t\t\t\t<\/div>\n\t\t\t\t\t<\/div>\n\t\t\t\t<\/div>\n\t\t\t\t<\/div>\n\t\t","protected":false},"excerpt":{"rendered":"<p>Factory Initiatives to ensure comprehensive quality control and improve work environment At NITORI FURNITURE, each factory is committed to quality control in the manufacturing process. Employees participate in \u201cProduct Safety and After-Sales Service Reduction Meetings\u201d where customer feedback is gathered for improvements and reforms. Additionally, Nitori group World Circle (NWC) activities involve small groups of [&hellip;]<\/p>\n","protected":false},"author":4,"featured_media":0,"parent":0,"menu_order":0,"comment_status":"closed","ping_status":"closed","template":"","meta":{"footnotes":""},"class_list":["post-562","page","type-page","status-publish","hentry"],"_links":{"self":[{"href":"https:\/\/www.nitori-furniture.com\/index.php?rest_route=\/wp\/v2\/pages\/562","targetHints":{"allow":["GET"]}}],"collection":[{"href":"https:\/\/www.nitori-furniture.com\/index.php?rest_route=\/wp\/v2\/pages"}],"about":[{"href":"https:\/\/www.nitori-furniture.com\/index.php?rest_route=\/wp\/v2\/types\/page"}],"author":[{"embeddable":true,"href":"https:\/\/www.nitori-furniture.com\/index.php?rest_route=\/wp\/v2\/users\/4"}],"replies":[{"embeddable":true,"href":"https:\/\/www.nitori-furniture.com\/index.php?rest_route=%2Fwp%2Fv2%2Fcomments&post=562"}],"version-history":[{"count":163,"href":"https:\/\/www.nitori-furniture.com\/index.php?rest_route=\/wp\/v2\/pages\/562\/revisions"}],"predecessor-version":[{"id":3549,"href":"https:\/\/www.nitori-furniture.com\/index.php?rest_route=\/wp\/v2\/pages\/562\/revisions\/3549"}],"wp:attachment":[{"href":"https:\/\/www.nitori-furniture.com\/index.php?rest_route=%2Fwp%2Fv2%2Fmedia&parent=562"}],"curies":[{"name":"wp","href":"https:\/\/api.w.org\/{rel}","templated":true}]}}