{"id":3394,"date":"2025-05-05T17:05:21","date_gmt":"2025-05-05T08:05:21","guid":{"rendered":"https:\/\/www.nitori-furniture.com\/?page_id=3394"},"modified":"2025-05-06T11:06:43","modified_gmt":"2025-05-06T02:06:43","slug":"lich-su","status":"publish","type":"page","link":"https:\/\/www.nitori-furniture.com\/?page_id=3394&lang=vi","title":{"rendered":"L\u1ecaCH S\u1eec"},"content":{"rendered":"\t\t<div data-elementor-type=\"wp-page\" data-elementor-id=\"3394\" class=\"elementor elementor-3394\" data-elementor-post-type=\"page\">\n\t\t\t\t<div class=\"elementor-element elementor-element-fa1e118 e-flex e-con-boxed e-con e-parent\" data-id=\"fa1e118\" data-element_type=\"container\">\n\t\t\t\t\t<div class=\"e-con-inner\">\n\t\t\t\t<div class=\"elementor-element elementor-element-f89ba08 elementor-widget elementor-widget-heading\" data-id=\"f89ba08\" data-element_type=\"widget\" data-widget_type=\"heading.default\">\n\t\t\t\t<div class=\"elementor-widget-container\">\n\t\t\t\t\t<h2 class=\"elementor-heading-title elementor-size-default\">L\u1ecbch s\u1eed<\/h2>\t\t\t\t<\/div>\n\t\t\t\t<\/div>\n\t\t\t\t<div class=\"elementor-element elementor-element-2e9bc03 elementor-widget-divider--view-line elementor-widget elementor-widget-divider\" data-id=\"2e9bc03\" data-element_type=\"widget\" data-widget_type=\"divider.default\">\n\t\t\t\t<div class=\"elementor-widget-container\">\n\t\t\t\t\t\t\t<div class=\"elementor-divider\">\n\t\t\t<span class=\"elementor-divider-separator\">\n\t\t\t\t\t\t<\/span>\n\t\t<\/div>\n\t\t\t\t\t\t<\/div>\n\t\t\t\t<\/div>\n\t\t\t\t<div class=\"elementor-element elementor-element-b88b70d elementor-widget elementor-widget-image\" data-id=\"b88b70d\" data-element_type=\"widget\" data-widget_type=\"image.default\">\n\t\t\t\t<div class=\"elementor-widget-container\">\n\t\t\t\t\t\t\t\t\t\t\t\t\t\t\t<img fetchpriority=\"high\" decoding=\"async\" width=\"640\" height=\"276\" src=\"https:\/\/www.nitori-furniture.com\/wp-content\/uploads\/2025\/02\/history-img.png\" class=\"attachment-2048x2048 size-2048x2048 wp-image-1955\" alt=\"\" srcset=\"https:\/\/www.nitori-furniture.com\/wp-content\/uploads\/2025\/02\/history-img.png 640w, https:\/\/www.nitori-furniture.com\/wp-content\/uploads\/2025\/02\/history-img-300x129.png 300w\" sizes=\"(max-width: 640px) 100vw, 640px\" \/>\t\t\t\t\t\t\t\t\t\t\t\t\t\t\t<\/div>\n\t\t\t\t<\/div>\n\t\t\t\t<div class=\"elementor-element elementor-element-800b07e elementor-widget elementor-widget-elementskit-tablepress\" data-id=\"800b07e\" data-element_type=\"widget\" data-widget_type=\"elementskit-tablepress.default\">\n\t\t\t\t<div class=\"elementor-widget-container\">\n\t\t\t\t\t<div class=\"elemenetskit-tablepress ekit-wid-con\" id=\"ekit_tablepress_800b07e\">\n<table id=\"tablepress-13\" class=\"tablepress tablepress-id-13\">\n<tbody class=\"row-striping\">\n<tr class=\"row-1\">\n\t<td class=\"column-1\"><span style=\"color:#404040;\">Th\u00e1ng 10 n\u0103m 2003<\/span><\/td><td class=\"column-2\"><span style=\"color:#404040;\"><strong>\"Marumitsu Vi\u1ec7t Nam\" \u0111\u01b0\u1ee3c th\u00e0nh l\u1eadp v\u1edbi t\u1ed5ng v\u1ed1n \u0111\u1ea7u t\u01b0 5 tri\u1ec7u USD<\/strong><\/span><\/td>\n<\/tr>\n<tr class=\"row-2\">\n\t<td class=\"column-1\"><span style=\"color:#404040;\">Th\u00e1ng 9 n\u0103m 2004<\/span><\/td><td class=\"column-2\"><span style=\"color:#404040;\">Nh\u00e0 m\u00e1y H\u00e0 N\u1ed9i \u0111i v\u00e0o ho\u1ea1t \u0111\u1ed9ng t\u1ea1i Khu c\u00f4ng nghi\u1ec7p Quang Minh.<\/span><\/td>\n<\/tr>\n<tr class=\"row-3\">\n\t<td class=\"column-1\"><span style=\"color:#404040;\">Th\u00e1ng 12 n\u0103m 2006<\/span><\/td><td class=\"column-2\"><span style=\"color:#404040;\">N\u0103m \u0111\u1ea7u ti\u00ean \u0111\u1ea1t l\u1ee3i nhu\u1eadn t\u1eeb ho\u1ea1t \u0111\u1ed9ng kinh doanh.<\/span><\/td>\n<\/tr>\n<tr class=\"row-4\">\n\t<td class=\"column-1\"><span style=\"color:#404040;\">Th\u00e1ng 4 n\u0103m 2008<\/span><\/td><td class=\"column-2\"><span style=\"color:#404040;\">\u0110\u01b0\u1ee3c t\u1ec9nh V\u0129nh Ph\u00fac c\u00f4ng nh\u1eadn l\u00e0 \"Doanh nghi\u1ec7p c\u00f3 k\u1ebft qu\u1ea3 kinh doanh xu\u1ea5t s\u1eafc\".<\/span><\/td>\n<\/tr>\n<tr class=\"row-5\">\n\t<td class=\"column-1\"><span style=\"color:#404040;\">Th\u00e1ng 9 n\u0103m 2009<\/span><\/td><td class=\"column-2\"><span style=\"color:#404040;\">B\u1eaft \u0111\u1ea7u h\u1ec7 th\u1ed1ng s\u1ea3n xu\u1ea5t 2 ca.<\/span><\/td>\n<\/tr>\n<tr class=\"row-6\">\n\t<td class=\"column-1\"><span style=\"color:#404040;\">Th\u00e1ng 6 n\u0103m 2011<\/span><\/td><td class=\"column-2\"><span style=\"color:#404040;\">\u0110\u1ed5i t\u00ean c\u00f4ng ty th\u00e0nh \"DOANH NGHI\u1ec6P CH\u1ebe XU\u1ea4T NITORI VI\u1ec6T NAM\"<\/span><\/td>\n<\/tr>\n<tr class=\"row-7\">\n\t<td class=\"column-1\"><span style=\"color:#404040;\">Th\u00e1ng 7 n\u0103m 2012<\/span><\/td><td class=\"column-2\"><span style=\"color:#404040;\">B\u1eaft \u0111\u1ea7u s\u1ea3n xu\u1ea5t Sofa<\/span><\/td>\n<\/tr>\n<tr class=\"row-8\">\n\t<td class=\"column-1\"><span style=\"color:#404040;\">Th\u00e1ng 8 n\u0103m 2013<\/span><\/td><td class=\"column-2\"><span style=\"color:#404040;\">B\u1eaft \u0111\u1ea7u s\u1ea3n xu\u1ea5t N\u1ec7m<\/span><\/td>\n<\/tr>\n<tr class=\"row-9\">\n\t<td class=\"column-1\"><span style=\"color:#404040;\">Th\u00e1ng 12 n\u0103m 2015<\/span><\/td><td class=\"column-2\"><span style=\"color:#404040;\"><strong>Th\u00e0nh l\u1eadp \"C\u00d4NG TY TNHH NITORI B\u00c0 R\u1ecaA - V\u0168NG T\u00c0U\".<\/strong><\/span><\/td>\n<\/tr>\n<tr class=\"row-10\">\n\t<td class=\"column-1\"><span style=\"color:#404040;\">Th\u00e1ng 12 n\u0103m 2016<\/span><\/td><td class=\"column-2\"><span style=\"color:#404040;\"><H\u00e0 N\u1ed9i> Xu\u1ea5t kh\u1ea9u h\u01a1n 10.000 container (40ft FCL) h\u00e0ng h\u00e0ng n\u0103m t\u1eeb C\u1ea3ng H\u1ea3i Ph\u00f2ng<\/span><\/td>\n<\/tr>\n<tr class=\"row-11\">\n\t<td class=\"column-1\"><span style=\"color:#404040;\">Th\u00e1ng 10 n\u0103m 2017<\/span><\/td><td class=\"column-2\"><span style=\"color:#404040;\">Nh\u00e0 m\u00e1y B\u00e0 R\u1ecba-V\u0169ng T\u00e0u \u0111i v\u00e0o ho\u1ea1t \u0111\u1ed9ng t\u1ea1i Khu c\u00f4ng nghi\u1ec7p Ph\u00fa M\u1ef9 3.<\/span><\/td>\n<\/tr>\n<tr class=\"row-12\">\n\t<td class=\"column-1\"><span style=\"color:#404040;\">Th\u00e1ng 8 n\u0103m 2018<\/span><\/td><td class=\"column-2\"><span style=\"color:#404040;\"><BRVT> B\u1eaft \u0111\u1ea7u s\u1ea3n xu\u1ea5t B\u00e0n \u0103n\/gh\u1ebf, c\u00e1c m\u1eb7t h\u00e0ng ch\u0103n ga g\u1ed1i.<\/span><\/td>\n<\/tr>\n<tr class=\"row-13\">\n\t<td class=\"column-1\"><span style=\"color:#404040;\">Th\u00e1ng 12 n\u0103m 2019<\/span><\/td><td class=\"column-2\"><span style=\"color:#404040;\"><BRVT> N\u0103m \u0111\u1ea7u ti\u00ean \u0111\u1ea1t l\u1ee3i nhu\u1eadn t\u1eeb ho\u1ea1t \u0111\u1ed9ng kinh doanh.<\/span><\/td>\n<\/tr>\n<tr class=\"row-14\">\n\t<td class=\"column-1\"><span style=\"color:#404040;\">Th\u00e1ng 9 n\u0103m 2020<\/span><\/td><td class=\"column-2\"><span style=\"color:#404040;\"><BRVT> Ho\u00e0n th\u00e0nh t\u00f2a nh\u00e0 D l\u00e0 X\u01b0\u1edfng s\u1ea3n xu\u1ea5t r\u00e8m c\u1eeda.<\/span><\/td>\n<\/tr>\n<tr class=\"row-15\">\n\t<td class=\"column-1\"><span style=\"color:#404040;\">Th\u00e1ng 1 n\u0103m 2021<\/span><\/td><td class=\"column-2\"><span style=\"color:#404040;\"><strong>T\u00e1i c\u1ea5u tr\u00fac l\u1ea1i hai c\u00f4ng ty: Tr\u1ee5 s\u1edf ch\u00ednh t\u1ea1i H\u00e0 N\u1ed9i v\u00e0 Chi nh\u00e1nh B\u00e0 R\u1ecba-V\u0169ng T\u00e0u.<\/strong><\/span><\/td>\n<\/tr>\n<tr class=\"row-16\">\n\t<td class=\"column-1\"><span style=\"color:#404040;\">Th\u00e1ng 7 n\u0103m 2021<\/span><\/td><td class=\"column-2\"><span style=\"color:#404040;\"><BRVT> B\u1eaft \u0111\u1ea7u s\u1ea3n xu\u1ea5t r\u00e8m c\u1eeda<\/span><\/td>\n<\/tr>\n<tr class=\"row-17\">\n\t<td class=\"column-1\"><span style=\"color:#404040;\">Th\u00e1ng 12 n\u0103m 2021<\/span><\/td><td class=\"column-2\"><span style=\"color:#404040;\"><BRVT> Ho\u00e0n th\u00e0nh t\u00f2a nh\u00e0 v\u0103n ph\u00f2ng m\u1edbi.<\/span><\/td>\n<\/tr>\n<tr class=\"row-18\">\n\t<td class=\"column-1\"><span style=\"color:#404040;\">Th\u00e1ng 8 n\u0103m 2022<\/span><\/td><td class=\"column-2\"><span style=\"color:#404040;\">Mua 40 ha \u0111\u1ea5t cho nh\u00e0 m\u00e1y m\u1edbi t\u1ea1i t\u1ec9nh V\u0129nh Ph\u00fac.<\/span><\/td>\n<\/tr>\n<tr class=\"row-19\">\n\t<td class=\"column-1\"><span style=\"color:#404040;\">Th\u00e1ng 6 n\u0103m 2023<\/span><\/td><td class=\"column-2\"><span style=\"color:#404040;\"><strong>Th\u00e0nh l\u1eadp \"NITORI FURNITURE VI\u1ec6T NAM EPE - CHI NH\u00c1NH V\u0128NH PH\u00daC\".<\/strong><\/span><\/td>\n<\/tr>\n<\/tbody>\n<\/table>\n<\/div>\t\t\t\t<\/div>\n\t\t\t\t<\/div>\n\t\t\t\t\t<\/div>\n\t\t\t\t<\/div>\n\t\t\t\t<\/div>\n\t\t","protected":false},"excerpt":{"rendered":"<p>L\u1ecbch s\u1eed Edit Th\u00e1ng 10 n\u0103m 2003 &#8220;Marumitsu Vi\u1ec7t Nam&#8221; \u0111\u01b0\u1ee3c th\u00e0nh l\u1eadp v\u1edbi t\u1ed5ng v\u1ed1n \u0111\u1ea7u t\u01b0 5 tri\u1ec7u USD Th\u00e1ng 9 n\u0103m 2004 Nh\u00e0 m\u00e1y H\u00e0 N\u1ed9i \u0111i v\u00e0o ho\u1ea1t \u0111\u1ed9ng t\u1ea1i Khu c\u00f4ng nghi\u1ec7p Quang Minh. Th\u00e1ng 12 n\u0103m 2006 N\u0103m \u0111\u1ea7u ti\u00ean \u0111\u1ea1t l\u1ee3i nhu\u1eadn t\u1eeb ho\u1ea1t \u0111\u1ed9ng kinh doanh. Th\u00e1ng [&hellip;]<\/p>\n","protected":false},"author":3,"featured_media":0,"parent":0,"menu_order":0,"comment_status":"closed","ping_status":"closed","template":"","meta":{"footnotes":""},"class_list":["post-3394","page","type-page","status-publish","hentry"],"_links":{"self":[{"href":"https:\/\/www.nitori-furniture.com\/index.php?rest_route=\/wp\/v2\/pages\/3394","targetHints":{"allow":["GET"]}}],"collection":[{"href":"https:\/\/www.nitori-furniture.com\/index.php?rest_route=\/wp\/v2\/pages"}],"about":[{"href":"https:\/\/www.nitori-furniture.com\/index.php?rest_route=\/wp\/v2\/types\/page"}],"author":[{"embeddable":true,"href":"https:\/\/www.nitori-furniture.com\/index.php?rest_route=\/wp\/v2\/users\/3"}],"replies":[{"embeddable":true,"href":"https:\/\/www.nitori-furniture.com\/index.php?rest_route=%2Fwp%2Fv2%2Fcomments&post=3394"}],"version-history":[{"count":25,"href":"https:\/\/www.nitori-furniture.com\/index.php?rest_route=\/wp\/v2\/pages\/3394\/revisions"}],"predecessor-version":[{"id":3518,"href":"https:\/\/www.nitori-furniture.com\/index.php?rest_route=\/wp\/v2\/pages\/3394\/revisions\/3518"}],"wp:attachment":[{"href":"https:\/\/www.nitori-furniture.com\/index.php?rest_route=%2Fwp%2Fv2%2Fmedia&parent=3394"}],"curies":[{"name":"wp","href":"https:\/\/api.w.org\/{rel}","templated":true}]}}