{"id":3325,"date":"2025-05-05T14:56:21","date_gmt":"2025-05-05T05:56:21","guid":{"rendered":"https:\/\/www.nitori-furniture.com\/?page_id=3325"},"modified":"2025-05-05T14:57:41","modified_gmt":"2025-05-05T05:57:41","slug":"trien-lam","status":"publish","type":"page","link":"https:\/\/www.nitori-furniture.com\/?page_id=3325&lang=vi","title":{"rendered":"TRI\u1ec2N L\u00c3M"},"content":{"rendered":"\t\t<div data-elementor-type=\"wp-page\" data-elementor-id=\"3325\" class=\"elementor elementor-3325\" data-elementor-post-type=\"page\">\n\t\t\t\t<div class=\"elementor-element elementor-element-2391186 e-flex e-con-boxed e-con e-parent\" data-id=\"2391186\" data-element_type=\"container\">\n\t\t\t\t\t<div class=\"e-con-inner\">\n\t\t\t\t<div class=\"elementor-element elementor-element-c42c53e elementor-widget elementor-widget-text-editor\" data-id=\"c42c53e\" data-element_type=\"widget\" data-widget_type=\"text-editor.default\">\n\t\t\t\t<div class=\"elementor-widget-container\">\n\t\t\t\t\t\t\t\t\t<p><span dir=\"ltr\" role=\"presentation\">V\u00e0o th\u00e1ng 3 n\u0103m 2025, Nitori Furniture Vi\u1ec7t Nam \u0111\u00e3 tham gia c\u00e1c tri\u1ec3n l\u00e3m <\/span><span dir=\"ltr\" role=\"presentation\">l\u1edbn t\u1ea1i Kuala Lumpur, Malaysia v\u00e0 Th\u00e0nh ph\u1ed1 H\u1ed3 Ch\u00ed Minh, Vi\u1ec7t Nam, mang <\/span><span dir=\"ltr\" role=\"presentation\">t\u1edbi nh\u1eefng s\u1ea3n ph\u1ea9m n\u1ed9i th\u1ea5t ch\u1ea5t l\u01b0\u1ee3ng cao v\u00e0 nh\u1eefng<\/span><span dir=\"ltr\" role=\"presentation\"> \u0111\u1ed5i<\/span><span dir=\"ltr\" role=\"presentation\"> m\u1edbi trong chi\u1ebfn <\/span><span dir=\"ltr\" role=\"presentation\">l\u01b0\u1ee3c ph\u00e1t tri\u1ec3n to\u00e0n c\u1ea7u c\u1ee7a c\u00f4ng ty.<\/span><br role=\"presentation\" \/><span dir=\"ltr\" role=\"presentation\">Tri\u1ec3n l\u00e3m N\u1ed9i th\u1ea5t Qu\u1ed1c t\u1ebf Malaysia (MIFF) 2025, di\u1ec5n ra t\u1eeb ng\u00e0y 1 \u0111\u1ebfn 4 <\/span><span dir=\"ltr\" role=\"presentation\">th\u00e1ng 3 n\u0103m 2025, l\u00e0 s\u1ef1 ki\u1ec7n n\u1ed5i<\/span><span dir=\"ltr\" role=\"presentation\"> b\u1eadt<\/span><span dir=\"ltr\" role=\"presentation\"> trong ng\u00e0nh n\u1ed9i th\u1ea5t \u0110\u00f4ng Nam \u00c1. <\/span><span dir=\"ltr\" role=\"presentation\">N\u0103m nay, g\u1ea7n 700 \u0111\u01a1n v\u1ecb tri\u1ec3n l\u00e3m t\u1eeb 12 qu\u1ed1c gia \u0111\u00e3 tham gia.<\/span><br role=\"presentation\" \/><span dir=\"ltr\" role=\"presentation\">Nitori Furniture Vi\u1ec7t Nam l\u1ea7n \u0111\u1ea7u ti\u00ean tham d\u1ef1 MIFF nh\u1eb1m gi\u1edbi thi\u1ec7u<\/span><span dir=\"ltr\" role=\"presentation\"> t\u1edbi <\/span><span dir=\"ltr\" role=\"presentation\">kh\u00e1ch tham quan v\u1ec1<\/span><span dir=\"ltr\" role=\"presentation\"> s\u1ea3n ph\u1ea9m v\u00e0 th\u01b0\u01a1ng hi\u1ec7u c\u1ee7a m\u00ecnh, v\u1edbi m\u1ee5c ti\u00eau m\u1edf <\/span><span dir=\"ltr\" role=\"presentation\">r\u1ed9ng ho\u1ea1t \u0111\u1ed9ng kinh doanh qu\u1ed1c t\u1ebf. Ban \u0111\u1ea7u, Nitori \u0111\u01b0\u1ee3c bi\u1ebft \u0111\u1ebfn v\u1edbi vai tr\u00f2 <\/span><span dir=\"ltr\" role=\"presentation\">cung c\u1ea5p s\u1ea3n ph\u1ea9m cho c\u00f4ng ty m\u1eb9 t\u1ea1i Nh\u1eadt B\u1ea3n, nh\u01b0ng hi\u1ec7n nay, Nitori <\/span><span dir=\"ltr\" role=\"presentation\">\u0111ang m\u1edf r\u1ed9ng th\u1ecb tr\u01b0\u1eddng v\u00e0 cung c\u1ea5p d\u1ecbch v\u1ee5 OEM cho c\u00e1c \u0111\u1ed1i t\u00e1c to\u00e0n c\u1ea7u.<\/span><br role=\"presentation\" \/><span dir=\"ltr\" role=\"presentation\">T\u1ea1i MIFF 2025, Nitori Furniture \u0111\u00e3 tr\u01b0ng b\u00e0y c\u00e1c s\u1ea3n ph\u1ea9m ch\u1ee7 l\u1ef1c nh\u01b0 <\/span><span dir=\"ltr\" role=\"presentation\">sofa, \u0111\u1ec7m, gi\u01b0\u1eddng, k\u1ec7 tivi, b\u00e0n \u0103n, gh\u1ebf \u0103n v\u00e0 r\u00e8m t\u1eeb c\u00e1c nh\u00e0 m\u00e1y t\u1ea1i H\u00e0 N\u1ed9i <\/span><span dir=\"ltr\" role=\"presentation\">v\u00e0 B\u00e0 R\u1ecba V\u0169ng T\u00e0u. C\u00e1c s\u1ea3n ph\u1ea9m n\u00e0y \u0111\u00e3 thu h\u00fat s\u1ef1 quan t\u00e2m l\u1edbn t\u1eeb kh\u00e1ch <\/span><span dir=\"ltr\" role=\"presentation\">tham quan.<\/span><\/p><ul><li><span dir=\"ltr\" role=\"presentation\"><strong>Sofa<\/strong>:<\/span><span dir=\"ltr\" role=\"presentation\"> S\u1ea3n ph\u1ea9m n\u00e0y thu h\u00fat s\u1ef1 ch\u00fa \u00fd m\u1ea1nh m\u1ebd t\u1eeb 65 l\u01b0\u1ee3t kh\u00e1ch, ch\u1ee7 <\/span><span dir=\"ltr\" role=\"presentation\">y\u1ebfu \u0111\u1ebfn t\u1eeb Ch\u00e2u \u00c2u, M\u1ef9 v\u00e0 \u1ea4n \u0110\u1ed9. \u0110i\u1ec3m n\u1ed5i b\u1eadt c\u1ee7a s\u1ea3n ph\u1ea9m l\u00e0 s\u1ef1 \u0111a <\/span><span dir=\"ltr\" role=\"presentation\">d\u1ea1ng v\u1ec1 ki\u1ec3u d\u00e1ng v\u00e0 c\u00e1c t\u00f9y ch\u1ecdn t\u00f9y ch\u1ec9nh v\u1ec1 \u0111\u1ed9 m\u1ec1m, ch\u1ea5t li\u1ec7u <\/span><span dir=\"ltr\" role=\"presentation\">\u0111\u1ec7m, t\u1ef1a l\u01b0ng, tay<\/span><span dir=\"ltr\" role=\"presentation\"> gh\u1ebf c\u0169ng nh\u01b0<\/span><span dir=\"ltr\" role=\"presentation\"> k\u00edch th\u01b0\u1edbc. Kh\u00e1ch h\u00e0ng d\u00e0nh<\/span><span dir=\"ltr\" role=\"presentation\"> nhi\u1ec1u <\/span><span dir=\"ltr\" role=\"presentation\">s\u1ef1 ch\u00fa \u00fd \u0111\u1ebfn ch\u1ea5t li\u1ec7u <\/span><span dir=\"ltr\" role=\"presentation\">v\u1ea3i b\u1ecdc N Shield, v\u1edbi kh\u1ea3 n\u0103ng ch\u1ed1ng x\u01b0\u1edbc v\u00e0 <\/span><span dir=\"ltr\" role=\"presentation\">ch\u1ed1ng th\u1ea5m.<\/span><br role=\"presentation\" \/><span dir=\"ltr\" role=\"presentation\"><strong>Gh\u1ebf \u0103n<\/strong>:<\/span><span dir=\"ltr\" role=\"presentation\"> \u0110\u01b0\u1ee3c l\u00e0m t\u1eeb g\u1ed7 t\u1ef1 nhi\u00ean v\u1edbi thi\u1ebft k\u1ebf tinh t\u1ebf, s\u1ea3n ph\u1ea9m thu <\/span><span dir=\"ltr\" role=\"presentation\">h\u00fat 60 l\u01b0\u1ee3t kh\u00e1ch tham quan, ch\u1ee7 y\u1ebfu t\u1eeb \u1ea4n \u0110\u1ed9. M\u1eabu gh\u1ebf C-75 v\u1edbi t\u1ef1a <\/span><span dir=\"ltr\" role=\"presentation\">l\u01b0ng u\u1ed1n cong tinh t\u1ebf<\/span><span dir=\"ltr\" role=\"presentation\"> nh\u1eadn \u0111\u01b0\u1ee3c s\u1ef1 quan t\u00e2m <\/span><span dir=\"ltr\" role=\"presentation\">\u0111\u1eb7c bi\u1ec7t.<\/span><\/li><li><span dir=\"ltr\" role=\"presentation\"><strong>\u0110\u1ec7m<\/strong>:<\/span><span dir=\"ltr\" role=\"presentation\"> D\u00f2ng s\u1ea3n ph\u1ea9m \u0111\u1ec7m thu h\u00fat 58 l\u01b0\u1ee3t kh\u00e1ch t\u1eeb Trung Qu\u1ed1c v\u00e0 <\/span><span dir=\"ltr\" role=\"presentation\">c\u00e1c qu\u1ed1c gia ch\u00e2u \u00c1. Nitori tr\u01b0ng b\u00e0y c\u00e1c lo\u1ea1i \u0111\u1ec7m cao c\u1ea5p, bao g\u1ed3m <\/span><span dir=\"ltr\" role=\"presentation\">\u0111\u1ec7m l\u00f2 xo 1 l\u1edbp, 2 l\u1edbp k\u1ebft h\u1ee3p v\u1edbi urenthan v\u00e0 latex, \u0111\u1eb7c bi\u1ec7t l\u00e0 s\u1ea3n <\/span><span dir=\"ltr\" role=\"presentation\">ph\u1ea9m \u0111\u1ec7m s\u1eed d\u1ee5ng ch\u1ea5t li\u1ec7u poly fiber (C core) n\u1ed5i b\u1eadt v\u1edbi kh\u1ea3 n\u0103ng <\/span><span dir=\"ltr\" role=\"presentation\">th\u00f4ng tho\u00e1ng, t\u00f9y ch\u1ec9nh m\u1eadt \u0111\u1ed9 v\u00e0 thu\u1eadn ti\u1ec7n trong v\u1eadn chuy\u1ec3n.<\/span><\/li><li><strong><span dir=\"ltr\" role=\"presentation\">Gi\u01b0\u1eddng v\u00e0 k\u1ec7 TV<\/span><\/strong><span dir=\"ltr\" role=\"presentation\"> thu h\u00fat 45 l\u01b0\u1ee3t kh\u00e1ch tham<\/span><span dir=\"ltr\" role=\"presentation\"> quan<\/span><span dir=\"ltr\" role=\"presentation\">.<\/span><\/li><\/ul>\t\t\t\t\t\t\t\t<\/div>\n\t\t\t\t<\/div>\n\t\t\t\t\t<\/div>\n\t\t\t\t<\/div>\n\t\t<div class=\"elementor-element elementor-element-b326017 e-grid e-con-boxed e-con e-parent\" data-id=\"b326017\" data-element_type=\"container\">\n\t\t\t\t\t<div class=\"e-con-inner\">\n\t\t\t\t<div class=\"elementor-element elementor-element-6aa30a2 elementor-widget elementor-widget-image\" data-id=\"6aa30a2\" data-element_type=\"widget\" data-widget_type=\"image.default\">\n\t\t\t\t<div class=\"elementor-widget-container\">\n\t\t\t\t\t\t\t\t\t\t\t\t\t\t\t<img fetchpriority=\"high\" decoding=\"async\" width=\"800\" height=\"450\" src=\"https:\/\/www.nitori-furniture.com\/wp-content\/uploads\/2025\/04\/Hawa-1.jpg\" class=\"attachment-large size-large wp-image-3255\" alt=\"\" \/>\t\t\t\t\t\t\t\t\t\t\t\t\t\t\t<\/div>\n\t\t\t\t<\/div>\n\t\t\t\t<div class=\"elementor-element elementor-element-316c85d elementor-widget elementor-widget-image\" data-id=\"316c85d\" data-element_type=\"widget\" data-widget_type=\"image.default\">\n\t\t\t\t<div class=\"elementor-widget-container\">\n\t\t\t\t\t\t\t\t\t\t\t\t\t\t\t<img decoding=\"async\" width=\"800\" height=\"599\" data-src=\"https:\/\/www.nitori-furniture.com\/wp-content\/uploads\/2025\/04\/Hawa.jpg\" class=\"attachment-large size-large wp-image-3256 lazyload\" alt=\"\" src=\"data:image\/gif;base64,R0lGODlhAQABAAAAACH5BAEKAAEALAAAAAABAAEAAAICTAEAOw==\" style=\"--smush-placeholder-width: 800px; --smush-placeholder-aspect-ratio: 800\/599;\" \/>\t\t\t\t\t\t\t\t\t\t\t\t\t\t\t<\/div>\n\t\t\t\t<\/div>\n\t\t\t\t<div class=\"elementor-element elementor-element-54b9bc1 elementor-widget elementor-widget-image\" data-id=\"54b9bc1\" data-element_type=\"widget\" data-widget_type=\"image.default\">\n\t\t\t\t<div class=\"elementor-widget-container\">\n\t\t\t\t\t\t\t\t\t\t\t\t\t\t\t<img decoding=\"async\" width=\"800\" height=\"600\" data-src=\"https:\/\/www.nitori-furniture.com\/wp-content\/uploads\/2025\/04\/MIFF.jpg\" class=\"attachment-large size-large wp-image-3257 lazyload\" alt=\"\" src=\"data:image\/gif;base64,R0lGODlhAQABAAAAACH5BAEKAAEALAAAAAABAAEAAAICTAEAOw==\" style=\"--smush-placeholder-width: 800px; --smush-placeholder-aspect-ratio: 800\/600;\" \/>\t\t\t\t\t\t\t\t\t\t\t\t\t\t\t<\/div>\n\t\t\t\t<\/div>\n\t\t\t\t\t<\/div>\n\t\t\t\t<\/div>\n\t\t<div class=\"elementor-element elementor-element-aaf051f e-flex e-con-boxed e-con e-parent\" data-id=\"aaf051f\" data-element_type=\"container\">\n\t\t\t\t\t<div class=\"e-con-inner\">\n\t\t\t\t<div class=\"elementor-element elementor-element-ccdf1ec elementor-widget elementor-widget-text-editor\" data-id=\"ccdf1ec\" data-element_type=\"widget\" data-widget_type=\"text-editor.default\">\n\t\t\t\t<div class=\"elementor-widget-container\">\n\t\t\t\t\t\t\t\t\t<p><span dir=\"ltr\" role=\"presentation\">Sau tri\u1ec3n l\u00e3m t\u1ea1i Malaysia, Nitori ti\u1ebfp t\u1ee5c tham gia tri\u1ec3n l\u00e3m HAWA t\u1ea1i <\/span><span dir=\"ltr\" role=\"presentation\">Th\u00e0nh ph\u1ed1 H\u1ed3 Ch\u00ed Minh t\u1eeb ng\u00e0y 5 \u0111\u1ebfn 7 th\u00e1ng 3 n\u0103m 2025, \u0111\u00f3n ti\u1ebfp 97 <\/span><span dir=\"ltr\" role=\"presentation\">\u0111o\u00e0n kh\u00e1ch \u0111\u1ebfn t\u1eeb 28 qu\u1ed1c gia tr\u00ean th\u1ebf gi\u1edbi.<\/span><br role=\"presentation\" \/><span dir=\"ltr\" role=\"presentation\">M\u1eb7c d\u00f9 l\u00e0 l\u1ea7n \u0111\u1ea7u ti\u00ean tham gia tri\u1ec3n l\u00e3m, Nitori \u0111\u00e3 nh\u1eadn \u0111\u01b0\u1ee3c s\u1ef1 quan t\u00e2m <\/span><span dir=\"ltr\" role=\"presentation\">\u0111\u00e1ng k\u1ec3 t\u1eeb kh\u00e1ch h\u00e0ng, nhi\u1ec1u \u0111\u1ed1i t\u00e1c \u0111\u00e3 b\u00e0y t\u1ecf mong mu\u1ed1n h\u1ee3p t\u00e1c trong <\/span><span dir=\"ltr\" role=\"presentation\">t\u01b0\u01a1ng lai.<\/span><br role=\"presentation\" \/><span dir=\"ltr\" role=\"presentation\">Th\u00f4ng qua c\u00e1c tri\u1ec3n l\u00e3m, Nitori kh\u1eb3ng \u0111\u1ecbnh kh\u1ea3 n\u0103ng cung c\u1ea5p s\u1ea3n ph\u1ea9m <\/span><span dir=\"ltr\" role=\"presentation\">c\u1ee7a m\u00ecnh v\u1edbi 3 nh\u00e0 m\u00e1y hi\u1ec7n \u0111\u1ea1i t\u1ea1i Vi\u1ec7t Nam, s\u1ea3n xu\u1ea5t nguy\u00ean li\u1ec7u t\u1ea1i ch\u1ed7. <\/span><span dir=\"ltr\" role=\"presentation\">C\u00f4ng ty c\u00f3 kh\u1ea3 n\u0103ng \u0111i\u1ec1u ch\u1ec9nh k\u00edch th\u01b0\u1edbc v\u00e0 m\u1eabu<\/span><span dir=\"ltr\" role=\"presentation\"> m\u00e3 <\/span><span dir=\"ltr\" role=\"presentation\">s\u1ea3n ph\u1ea9m \u0111\u1ec3 \u0111\u00e1p \u1ee9ng <\/span><span dir=\"ltr\" role=\"presentation\">c\u00e1c nhu c\u1ea7u \u0111a d\u1ea1ng v\u1edbi m\u1ee9c gi\u00e1 c\u1ea1nh tranh. V\u1edbi cam k\u1ebft cung c\u1ea5p nh\u1eefng <\/span><span dir=\"ltr\" role=\"presentation\">s\u1ea3n ph\u1ea9m \u201cV\u01af\u1ee2T MONG \u0110\u1ee2I\u201d, Nitori Furniture mong mu\u1ed1n tr\u1edf th\u00e0nh \u0111\u1ed1i <\/span><span dir=\"ltr\" role=\"presentation\">t\u00e1c tin c\u1eady c\u1ee7a c\u00e1c \u0111\u1ed1i t\u00e1c to\u00e0n c\u1ea7u.<\/span><br role=\"presentation\" \/><span dir=\"ltr\" role=\"presentation\">Nitori \u0111ang chu\u1ea9n b\u1ecb cho c\u00e1c tri\u1ec3n l\u00e3m ti\u1ebfp theo trong n\u0103m 2025 v\u00e0 2026, <\/span><span dir=\"ltr\" role=\"presentation\">v\u00e0 s\u1ebd r\u1ea5t h\u00e2n h\u1ea1nh \u0111\u01b0\u1ee3c \u0111\u00f3n ti\u1ebfp c\u00e1c \u0111\u1ed1i t\u00e1c v\u00e0 kh\u00e1ch h\u00e0ng m\u1edbi.<\/span><\/p>\t\t\t\t\t\t\t\t<\/div>\n\t\t\t\t<\/div>\n\t\t\t\t\t<\/div>\n\t\t\t\t<\/div>\n\t\t\t\t<\/div>\n\t\t","protected":false},"excerpt":{"rendered":"<p>V\u00e0o th\u00e1ng 3 n\u0103m 2025, Nitori Furniture Vi\u1ec7t Nam \u0111\u00e3 tham gia c\u00e1c tri\u1ec3n l\u00e3m l\u1edbn t\u1ea1i Kuala Lumpur, Malaysia v\u00e0 Th\u00e0nh ph\u1ed1 H\u1ed3 Ch\u00ed Minh, Vi\u1ec7t Nam, mang t\u1edbi nh\u1eefng s\u1ea3n ph\u1ea9m n\u1ed9i th\u1ea5t ch\u1ea5t l\u01b0\u1ee3ng cao v\u00e0 nh\u1eefng \u0111\u1ed5i m\u1edbi trong chi\u1ebfn l\u01b0\u1ee3c ph\u00e1t tri\u1ec3n to\u00e0n c\u1ea7u c\u1ee7a c\u00f4ng ty.Tri\u1ec3n l\u00e3m N\u1ed9i th\u1ea5t [&hellip;]<\/p>\n","protected":false},"author":3,"featured_media":0,"parent":0,"menu_order":0,"comment_status":"closed","ping_status":"closed","template":"","meta":{"footnotes":""},"class_list":["post-3325","page","type-page","status-publish","hentry"],"_links":{"self":[{"href":"https:\/\/www.nitori-furniture.com\/index.php?rest_route=\/wp\/v2\/pages\/3325","targetHints":{"allow":["GET"]}}],"collection":[{"href":"https:\/\/www.nitori-furniture.com\/index.php?rest_route=\/wp\/v2\/pages"}],"about":[{"href":"https:\/\/www.nitori-furniture.com\/index.php?rest_route=\/wp\/v2\/types\/page"}],"author":[{"embeddable":true,"href":"https:\/\/www.nitori-furniture.com\/index.php?rest_route=\/wp\/v2\/users\/3"}],"replies":[{"embeddable":true,"href":"https:\/\/www.nitori-furniture.com\/index.php?rest_route=%2Fwp%2Fv2%2Fcomments&post=3325"}],"version-history":[{"count":4,"href":"https:\/\/www.nitori-furniture.com\/index.php?rest_route=\/wp\/v2\/pages\/3325\/revisions"}],"predecessor-version":[{"id":3329,"href":"https:\/\/www.nitori-furniture.com\/index.php?rest_route=\/wp\/v2\/pages\/3325\/revisions\/3329"}],"wp:attachment":[{"href":"https:\/\/www.nitori-furniture.com\/index.php?rest_route=%2Fwp%2Fv2%2Fmedia&parent=3325"}],"curies":[{"name":"wp","href":"https:\/\/api.w.org\/{rel}","templated":true}]}}