{"id":3302,"date":"2025-05-05T13:38:13","date_gmt":"2025-05-05T04:38:13","guid":{"rendered":"https:\/\/www.nitori-furniture.com\/?page_id=3302"},"modified":"2025-05-05T13:40:40","modified_gmt":"2025-05-05T04:40:40","slug":"thong-diep-tu-ban-lanh-dao","status":"publish","type":"page","link":"https:\/\/www.nitori-furniture.com\/?page_id=3302&lang=vi","title":{"rendered":"TH\u00d4NG \u0110I\u1ec6P T\u1eea BAN L\u00c3NH \u0110\u1ea0O"},"content":{"rendered":"\t\t<div data-elementor-type=\"wp-page\" data-elementor-id=\"3302\" class=\"elementor elementor-3302\" data-elementor-post-type=\"page\">\n\t\t\t\t<div class=\"elementor-element elementor-element-c0b2a8f e-flex e-con-boxed e-con e-parent\" data-id=\"c0b2a8f\" data-element_type=\"container\">\n\t\t\t\t\t<div class=\"e-con-inner\">\n\t\t\t\t<div class=\"elementor-element elementor-element-a0777ad elementor-widget elementor-widget-heading\" data-id=\"a0777ad\" data-element_type=\"widget\" data-widget_type=\"heading.default\">\n\t\t\t\t<div class=\"elementor-widget-container\">\n\t\t\t\t\t<h2 class=\"elementor-heading-title elementor-size-default\">Th\u00f4ng \u0111i\u1ec7p t\u1eeb ban l\u00e3nh \u0111\u1ea1o<\/h2>\t\t\t\t<\/div>\n\t\t\t\t<\/div>\n\t\t\t\t<div class=\"elementor-element elementor-element-97671f4 elementor-widget-divider--view-line elementor-widget elementor-widget-divider\" data-id=\"97671f4\" data-element_type=\"widget\" data-widget_type=\"divider.default\">\n\t\t\t\t<div class=\"elementor-widget-container\">\n\t\t\t\t\t\t\t<div class=\"elementor-divider\">\n\t\t\t<span class=\"elementor-divider-separator\">\n\t\t\t\t\t\t<\/span>\n\t\t<\/div>\n\t\t\t\t\t\t<\/div>\n\t\t\t\t<\/div>\n\t\t\t\t\t<\/div>\n\t\t\t\t<\/div>\n\t\t<div class=\"elementor-element elementor-element-31eb540 e-flex e-con-boxed e-con e-parent\" data-id=\"31eb540\" data-element_type=\"container\">\n\t\t\t\t\t<div class=\"e-con-inner\">\n\t\t<div class=\"elementor-element elementor-element-3ddf37a e-con-full e-flex e-con e-child\" data-id=\"3ddf37a\" data-element_type=\"container\">\n\t\t\t\t<div class=\"elementor-element elementor-element-6ea4018 elementor-widget elementor-widget-image\" data-id=\"6ea4018\" data-element_type=\"widget\" data-widget_type=\"image.default\">\n\t\t\t\t<div class=\"elementor-widget-container\">\n\t\t\t\t\t\t\t\t\t\t\t\t\t\t\t<img fetchpriority=\"high\" decoding=\"async\" width=\"702\" height=\"1024\" src=\"https:\/\/www.nitori-furniture.com\/wp-content\/uploads\/2025\/04\/1.-Kushida-sans-photo.jpg\" class=\"attachment-large size-large wp-image-3070\" alt=\"\" \/>\t\t\t\t\t\t\t\t\t\t\t\t\t\t\t<\/div>\n\t\t\t\t<\/div>\n\t\t\t\t<\/div>\n\t\t<div class=\"elementor-element elementor-element-0328924 e-con-full e-flex e-con e-child\" data-id=\"0328924\" data-element_type=\"container\">\n\t\t\t\t<div class=\"elementor-element elementor-element-5f976ed elementor-widget elementor-widget-heading\" data-id=\"5f976ed\" data-element_type=\"widget\" data-widget_type=\"heading.default\">\n\t\t\t\t<div class=\"elementor-widget-container\">\n\t\t\t\t\t<h2 class=\"elementor-heading-title elementor-size-default\">Kushida Akihiro<\/h2>\t\t\t\t<\/div>\n\t\t\t\t<\/div>\n\t\t\t\t<div class=\"elementor-element elementor-element-d12f909 elementor-widget elementor-widget-text-editor\" data-id=\"d12f909\" data-element_type=\"widget\" data-widget_type=\"text-editor.default\">\n\t\t\t\t<div class=\"elementor-widget-container\">\n\t\t\t\t\t\t\t\t\t<p>T\u1ed5ng Gi\u00e1m \u0111\u1ed1c<\/p><p>DOANH NGHI\u1ec6P CH\u1ebe XU\u1ea4T NITORI VIETNAM<\/p>\t\t\t\t\t\t\t\t<\/div>\n\t\t\t\t<\/div>\n\t\t\t\t<\/div>\n\t\t\t\t\t<\/div>\n\t\t\t\t<\/div>\n\t\t<div class=\"elementor-element elementor-element-8ae3846 e-flex e-con-boxed e-con e-parent\" data-id=\"8ae3846\" data-element_type=\"container\">\n\t\t\t\t\t<div class=\"e-con-inner\">\n\t\t\t\t<div class=\"elementor-element elementor-element-b6143d5 elementor-widget elementor-widget-text-editor\" data-id=\"b6143d5\" data-element_type=\"widget\" data-widget_type=\"text-editor.default\">\n\t\t\t\t<div class=\"elementor-widget-container\">\n\t\t\t\t\t\t\t\t\t<p><span dir=\"ltr\" role=\"presentation\">V\u1edbi s\u1ee9 m\u1ec7nh c\u1ee7a t\u1eadp \u0111o\u00e0n Nitori l\u00e0 &#8220;Mang \u0111\u1ebfn s\u1ef1 phong ph\u00fa cho cu\u1ed9c s\u1ed1ng <\/span><span dir=\"ltr\" role=\"presentation\">h\u00e0ng ng\u00e0y c\u1ee7a con ng\u01b0\u1eddi tr\u00ean to\u00e0n th\u1ebf gi\u1edbi &#8220;, ch\u00fang t\u00f4i, v\u1edbi t\u01b0 c\u00e1ch l\u00e0 nh\u00e0 <\/span><span dir=\"ltr\" role=\"presentation\">m\u00e1y s\u1ea3n xu\u1ea5t c\u1ee7a T\u1eadp \u0111o\u00e0n, lu\u00f4n n\u1ed7 l\u1ef1c t\u00ecm ra nh\u1eefng c\u00e1ch th\u1ee9c m\u1edbi \u0111\u1ec3 <\/span><span dir=\"ltr\" role=\"presentation\">mang l\u1ea1i &#8220;s\u1ef1 phong ph\u00fa trong cu\u1ed9c s\u1ed1ng&#8221; cho kh\u00e1ch h\u00e0ng, \u0111\u1ed3ng th\u1eddi kh\u00f4ng <\/span><span dir=\"ltr\" role=\"presentation\">ng\u1eebng c\u1ea3i ti\u1ebfn v\u00e0 v\u01b0\u1ee3t qua ph\u01b0\u01a1ng ph\u00e1p c\u0169.<\/span><br role=\"presentation\" \/><span dir=\"ltr\" role=\"presentation\">Nitori Furniture \u0111\u00e3 ho\u1ea1t \u0111\u1ed9ng t\u1ea1i H\u00e0 N\u1ed9i, Vi\u1ec7t Nam \u0111\u01b0\u1ee3c 22 n\u0103m v\u00e0 \u0111\u00e3 m\u1edf <\/span><span dir=\"ltr\" role=\"presentation\">r\u1ed9ng \u0111\u00e1ng k\u1ec3 c\u00f9ng v\u1edbi s\u1ef1 ph\u00e1t tri\u1ec3n c\u1ee7a T\u1eadp \u0111o\u00e0n Nitori. C\u00f4ng ty hi\u1ec7n c\u00f3 03 <\/span><span dir=\"ltr\" role=\"presentation\">c\u01a1 s\u1edf t\u1ea1i Vi\u1ec7t Nam\u2014H\u00e0 N\u1ed9i, B\u00e0 R\u1ecba-V\u0169ng T\u00e0u v\u00e0 V\u0129nh Ph\u00fac, t\u1ea1o ra c\u00f4ng \u0103n <\/span><span dir=\"ltr\" role=\"presentation\">vi\u1ec7c l\u00e0m cho h\u01a1n 10.000 ng\u01b0\u1eddi lao \u0111\u1ed9ng \u0111\u1ecba ph\u01b0\u01a1ng.<\/span><br role=\"presentation\" \/><span dir=\"ltr\" role=\"presentation\">Ch\u00fang t\u00f4i mong mu\u1ed1n ph\u00e1t tri\u1ec3n nh\u1eefng s\u1ea3n ph\u1ea9m gi\u00fap nhi\u1ec1u ng\u01b0\u1eddi c\u1ea3m <\/span><span dir=\"ltr\" role=\"presentation\">nh\u1eadn s\u1ef1 phong ph\u00fa trong cu\u1ed9c s\u1ed1ng v\u00e0 h\u01b0\u1edbng t\u1edbi m\u1ee5c ti\u00eau tr\u1edf th\u00e0nh nh\u00e0 s\u1ea3n <\/span><span dir=\"ltr\" role=\"presentation\">xu\u1ea5t \u0111\u1ed3 n\u1ed9i th\u1ea5t h\u00e0ng \u0111\u1ea7u tr\u00ean th\u1ebf gi\u1edbi.<\/span><br role=\"presentation\" \/><span dir=\"ltr\" role=\"presentation\">Kh\u00f4ng b\u1ecb gi\u1edbi h\u1ea1n b\u1edfi c\u00e1c ph\u01b0\u01a1ng ph\u00e1p s\u1ea3n xu\u1ea5t truy\u1ec1n th\u1ed1ng trong s\u1ea3n <\/span><span dir=\"ltr\" role=\"presentation\">xu\u1ea5t \u0111\u1ed3 n\u1ed9i th\u1ea5t, ch\u00fang t\u00f4i cam k\u1ebft lu\u00f4n \u0111\u1ed5i m\u1edbi s\u00e1ng t\u1ea1o v\u00e0 mang \u0111\u1ebfn <\/span><span dir=\"ltr\" role=\"presentation\">nh\u1eefng s\u1ea3n ph\u1ea9m &#8216;v\u01b0\u1ee3t tr\u00ean c\u1ea3 mong \u0111\u1ee3i&#8217; cho kh\u00e1ch h\u00e0ng tr\u00ean to\u00e0n th\u1ebf gi\u1edbi.<\/span><\/p>\t\t\t\t\t\t\t\t<\/div>\n\t\t\t\t<\/div>\n\t\t\t\t\t<\/div>\n\t\t\t\t<\/div>\n\t\t\t\t<\/div>\n\t\t","protected":false},"excerpt":{"rendered":"<p>Th\u00f4ng \u0111i\u1ec7p t\u1eeb ban l\u00e3nh \u0111\u1ea1o Kushida Akihiro T\u1ed5ng Gi\u00e1m \u0111\u1ed1c DOANH NGHI\u1ec6P CH\u1ebe XU\u1ea4T NITORI VIETNAM V\u1edbi s\u1ee9 m\u1ec7nh c\u1ee7a t\u1eadp \u0111o\u00e0n Nitori l\u00e0 &#8220;Mang \u0111\u1ebfn s\u1ef1 phong ph\u00fa cho cu\u1ed9c s\u1ed1ng h\u00e0ng ng\u00e0y c\u1ee7a con ng\u01b0\u1eddi tr\u00ean to\u00e0n th\u1ebf gi\u1edbi &#8220;, ch\u00fang t\u00f4i, v\u1edbi t\u01b0 c\u00e1ch l\u00e0 nh\u00e0 m\u00e1y s\u1ea3n xu\u1ea5t c\u1ee7a T\u1eadp [&hellip;]<\/p>\n","protected":false},"author":3,"featured_media":0,"parent":0,"menu_order":0,"comment_status":"closed","ping_status":"closed","template":"","meta":{"footnotes":""},"class_list":["post-3302","page","type-page","status-publish","hentry"],"_links":{"self":[{"href":"https:\/\/www.nitori-furniture.com\/index.php?rest_route=\/wp\/v2\/pages\/3302","targetHints":{"allow":["GET"]}}],"collection":[{"href":"https:\/\/www.nitori-furniture.com\/index.php?rest_route=\/wp\/v2\/pages"}],"about":[{"href":"https:\/\/www.nitori-furniture.com\/index.php?rest_route=\/wp\/v2\/types\/page"}],"author":[{"embeddable":true,"href":"https:\/\/www.nitori-furniture.com\/index.php?rest_route=\/wp\/v2\/users\/3"}],"replies":[{"embeddable":true,"href":"https:\/\/www.nitori-furniture.com\/index.php?rest_route=%2Fwp%2Fv2%2Fcomments&post=3302"}],"version-history":[{"count":4,"href":"https:\/\/www.nitori-furniture.com\/index.php?rest_route=\/wp\/v2\/pages\/3302\/revisions"}],"predecessor-version":[{"id":3306,"href":"https:\/\/www.nitori-furniture.com\/index.php?rest_route=\/wp\/v2\/pages\/3302\/revisions\/3306"}],"wp:attachment":[{"href":"https:\/\/www.nitori-furniture.com\/index.php?rest_route=%2Fwp%2Fv2%2Fmedia&parent=3302"}],"curies":[{"name":"wp","href":"https:\/\/api.w.org\/{rel}","templated":true}]}}