{"id":3281,"date":"2025-05-05T12:33:30","date_gmt":"2025-05-05T03:33:30","guid":{"rendered":"https:\/\/www.nitori-furniture.com\/?page_id=3281"},"modified":"2025-05-06T16:54:10","modified_gmt":"2025-05-06T07:54:10","slug":"san-pham-bay-ban","status":"publish","type":"page","link":"https:\/\/www.nitori-furniture.com\/?page_id=3281&lang=vi","title":{"rendered":"S\u1ea2N PH\u1ea8M B\u00c0Y B\u00c1N"},"content":{"rendered":"\t\t<div data-elementor-type=\"wp-page\" data-elementor-id=\"3281\" class=\"elementor elementor-3281\" data-elementor-post-type=\"page\">\n\t\t\t\t<div class=\"elementor-element elementor-element-17aabee e-flex e-con-boxed e-con e-parent\" data-id=\"17aabee\" data-element_type=\"container\">\n\t\t\t\t\t<div class=\"e-con-inner\">\n\t\t\t\t<div class=\"elementor-element elementor-element-47f4c44 elementor-widget elementor-widget-heading\" data-id=\"47f4c44\" data-element_type=\"widget\" data-widget_type=\"heading.default\">\n\t\t\t\t<div class=\"elementor-widget-container\">\n\t\t\t\t\t<h2 class=\"elementor-heading-title elementor-size-default\">S\u1ea3n ph\u1ea9m b\u00e0y b\u00e1n<\/h2>\t\t\t\t<\/div>\n\t\t\t\t<\/div>\n\t\t\t\t<div class=\"elementor-element elementor-element-f8c958a elementor-widget-divider--view-line elementor-widget elementor-widget-divider\" data-id=\"f8c958a\" data-element_type=\"widget\" data-widget_type=\"divider.default\">\n\t\t\t\t<div class=\"elementor-widget-container\">\n\t\t\t\t\t\t\t<div class=\"elementor-divider\">\n\t\t\t<span class=\"elementor-divider-separator\">\n\t\t\t\t\t\t<\/span>\n\t\t<\/div>\n\t\t\t\t\t\t<\/div>\n\t\t\t\t<\/div>\n\t\t\t\t<div class=\"elementor-element elementor-element-ba4f324 elementor-widget elementor-widget-image\" data-id=\"ba4f324\" data-element_type=\"widget\" data-widget_type=\"image.default\">\n\t\t\t\t<div class=\"elementor-widget-container\">\n\t\t\t\t\t\t\t\t\t\t\t\t\t\t\t<img fetchpriority=\"high\" decoding=\"async\" width=\"2561\" height=\"1523\" src=\"https:\/\/www.nitori-furniture.com\/wp-content\/uploads\/2025\/02\/PRS01.png\" class=\"attachment-full size-full wp-image-2441\" alt=\"\" srcset=\"https:\/\/www.nitori-furniture.com\/wp-content\/uploads\/2025\/02\/PRS01.png 2561w, https:\/\/www.nitori-furniture.com\/wp-content\/uploads\/2025\/02\/PRS01-300x178.png 300w, https:\/\/www.nitori-furniture.com\/wp-content\/uploads\/2025\/02\/PRS01-1024x609.png 1024w, https:\/\/www.nitori-furniture.com\/wp-content\/uploads\/2025\/02\/PRS01-768x457.png 768w, https:\/\/www.nitori-furniture.com\/wp-content\/uploads\/2025\/02\/PRS01-1536x913.png 1536w, https:\/\/www.nitori-furniture.com\/wp-content\/uploads\/2025\/02\/PRS01-2048x1218.png 2048w\" sizes=\"(max-width: 2561px) 100vw, 2561px\" \/>\t\t\t\t\t\t\t\t\t\t\t\t\t\t\t<\/div>\n\t\t\t\t<\/div>\n\t\t\t\t<div class=\"elementor-element elementor-element-b68e79b elementor-widget elementor-widget-heading\" data-id=\"b68e79b\" data-element_type=\"widget\" data-widget_type=\"heading.default\">\n\t\t\t\t<div class=\"elementor-widget-container\">\n\t\t\t\t\t<h2 class=\"elementor-heading-title elementor-size-default\">\u0110em \u0111\u1ebfn cu\u1ed9c s\u1ed1ng sung t\u00fac cho m\u1ecdi ng\u01b0\u1eddi d\u00e2n tr\u00ean to\u00e0n th\u1ebf gi\u1edbi<\/h2>\t\t\t\t<\/div>\n\t\t\t\t<\/div>\n\t\t\t\t<div class=\"elementor-element elementor-element-41e7d65 elementor-widget elementor-widget-text-editor\" data-id=\"41e7d65\" data-element_type=\"widget\" data-widget_type=\"text-editor.default\">\n\t\t\t\t<div class=\"elementor-widget-container\">\n\t\t\t\t\t\t\t\t\t<p class=\"p1\">NITORI FURNITURE tri\u1ec3n khai c\u00e1c k\u00eanh b\u00e1n h\u00e0ng \u0111\u1ed3 n\u1ed9i th\u1ea5t OEM. T\u1eadn d\u1ee5ng chuy\u00ean m\u00f4n s\u1ea3n xu\u1ea5t \u0111\u1ed3 n\u1ed9i th\u1ea5t s\u00e2u r\u1ed9ng c\u1ee7a m\u00ecnh, \u0111\u00e3 t\u00edch l\u0169y trong 20 n\u0103m qua \u0111\u1ec3 \u0111\u00e1p \u1ee9ng c\u00e1c ti\u00eau chu\u1ea9n kh\u1eaft khe c\u1ee7a kh\u00e1ch h\u00e0ng Nh\u1eadt B\u1ea3n, ch\u00fang t\u00f4i s\u1ebd b\u1eaft \u0111\u1ea7u vi\u1ec7c b\u00e1n h\u00e0ng cho kh\u00e1ch h\u00e0ng mua \u0111\u1ed3 n\u1ed9i th\u1ea5t tr\u00ean to\u00e0n c\u1ea7u.<\/p><p class=\"p1\">Ch\u00fang t\u00f4i \u0111\u00e3 m\u1edf m\u1ed9t ph\u00f2ng tr\u01b0ng b\u00e0y t\u1ea1i Nh\u00e0 m\u00e1y Nitori H\u00e0 N\u1ed9i. Ch\u00fang t\u00f4i s\u1ebd th\u00fac \u0111\u1ea9y doanh s\u1ed1 b\u00e1n h\u00e0ng b\u1eb1ng c\u00e1ch tham gia tri\u1ec3n l\u00e3m nh\u01b0 MIFF t\u1ea1i Malaysia v\u00e0 HAWA t\u1ea1i Th\u00e0nh ph\u1ed1 H\u1ed3 Ch\u00ed Minh, Vi\u1ec7t Nam, c\u0169ng nh\u01b0 c\u1ea3i thi\u1ec7n trang web c\u1ee7a m\u00ecnh \u0111\u1ec3 qu\u1ea3ng b\u00e1 gi\u00e1 tr\u1ecb s\u1ea3n ph\u1ea9m.<\/p>\t\t\t\t\t\t\t\t<\/div>\n\t\t\t\t<\/div>\n\t\t\t\t<div class=\"elementor-element elementor-element-c82b80d elementor-widget elementor-widget-heading\" data-id=\"c82b80d\" data-element_type=\"widget\" data-widget_type=\"heading.default\">\n\t\t\t\t<div class=\"elementor-widget-container\">\n\t\t\t\t\t<h2 class=\"elementor-heading-title elementor-size-default\">Th\u1ebf m\u1ea1nh c\u1ee7a C\u00f4ng ty<\/h2>\t\t\t\t<\/div>\n\t\t\t\t<\/div>\n\t\t\t\t<div class=\"elementor-element elementor-element-46effcd elementor-widget elementor-widget-text-editor\" data-id=\"46effcd\" data-element_type=\"widget\" data-widget_type=\"text-editor.default\">\n\t\t\t\t<div class=\"elementor-widget-container\">\n\t\t\t\t\t\t\t\t\t<ul><li>Chu\u1ea9n h\u00f3a ti\u00eau chu\u1ea9n ki\u1ec3m so\u00e1t ch\u1ea5t l\u01b0\u1ee3ng \u0111\u1ec3 \u0111\u00e1p \u1ee9ng y\u00eau c\u1ea7u kh\u1eaft khe c\u1ee7a kh\u00e1ch h\u00e0ng Nh\u1eadt B\u1ea3n.<\/li><li>C\u00f3 chuy\u00ean m\u00f4n cao trong s\u1ea3n xu\u1ea5t s\u1ea3n ph\u1ea9m c\u00f3 t\u00ednh c\u1ea1nh tranh cao \u0111\u1ed1i v\u1edbi th\u1ecb tr\u01b0\u1eddng Nh\u1eadt B\u1ea3n.<\/li><li>M\u1ed9t m\u00f4 h\u00ecnh s\u1ea3n xu\u1ea5t c\u00f3 l\u1ee3i nhu\u1eadn cao d\u1ef1a tr\u00ean H\u1ec7 th\u1ed1ng s\u1ea3n xu\u1ea5t c\u1ee7a Toyota.<\/li><li>\u0110\u1ea3m b\u1ea3o ki\u1ec3m so\u00e1t ch\u1ea5t l\u01b0\u1ee3ng v\u00e0 \u0111\u1ea3m b\u1ea3o l\u1ee3i nhu\u1eadn th\u00f4ng qua quy tr\u00ecnh s\u1ea3n xu\u1ea5t kh\u00e9p k\u00edn t\u1ea1i nh\u00e0 m\u00e1y v\u1edbi c\u00e1c s\u1ea3n ph\u1ea9m urethane, cotton, v\u1ea3i kh\u00f4ng d\u1ec7t, quy tr\u00ecnh s\u01a1n v\u00e0 c\u00e1c quy tr\u00ecnh kh\u00e1c.<\/li><li>Ph\u1ea3n h\u1ed3i kh\u00e1ch h\u00e0ng nhanh ch\u00f3ng t\u1eeb \u0111\u1ed9i ng\u0169 thi\u1ebft k\u1ebf \u0111\u1ed3 n\u1ed9i th\u1ea5t gi\u00e0u kinh nghi\u1ec7m.<\/li><\/ul>\t\t\t\t\t\t\t\t<\/div>\n\t\t\t\t<\/div>\n\t\t<div class=\"elementor-element elementor-element-91bc40b e-grid e-con-full e-con e-child\" data-id=\"91bc40b\" data-element_type=\"container\">\n\t\t\t\t<div class=\"elementor-element elementor-element-11b323a elementor-widget elementor-widget-image\" data-id=\"11b323a\" data-element_type=\"widget\" data-widget_type=\"image.default\">\n\t\t\t\t<div class=\"elementor-widget-container\">\n\t\t\t\t\t\t\t\t\t\t\t\t\t\t\t<img decoding=\"async\" width=\"800\" height=\"600\" data-src=\"https:\/\/www.nitori-furniture.com\/wp-content\/uploads\/2025\/02\/product-sales-img-1-1024x768.png\" class=\"attachment-large size-large wp-image-2234 lazyload\" alt=\"\" data-srcset=\"https:\/\/www.nitori-furniture.com\/wp-content\/uploads\/2025\/02\/product-sales-img-1-1024x768.png 1024w, https:\/\/www.nitori-furniture.com\/wp-content\/uploads\/2025\/02\/product-sales-img-1-300x225.png 300w, https:\/\/www.nitori-furniture.com\/wp-content\/uploads\/2025\/02\/product-sales-img-1-768x576.png 768w, https:\/\/www.nitori-furniture.com\/wp-content\/uploads\/2025\/02\/product-sales-img-1.png 1200w\" data-sizes=\"(max-width: 800px) 100vw, 800px\" src=\"data:image\/gif;base64,R0lGODlhAQABAAAAACH5BAEKAAEALAAAAAABAAEAAAICTAEAOw==\" style=\"--smush-placeholder-width: 800px; --smush-placeholder-aspect-ratio: 800\/600;\" \/>\t\t\t\t\t\t\t\t\t\t\t\t\t\t\t<\/div>\n\t\t\t\t<\/div>\n\t\t\t\t<div class=\"elementor-element elementor-element-c3bd03e elementor-widget elementor-widget-image\" data-id=\"c3bd03e\" data-element_type=\"widget\" data-widget_type=\"image.default\">\n\t\t\t\t<div class=\"elementor-widget-container\">\n\t\t\t\t\t\t\t\t\t\t\t\t\t\t\t<img decoding=\"async\" width=\"800\" height=\"600\" data-src=\"https:\/\/www.nitori-furniture.com\/wp-content\/uploads\/2025\/02\/product-sales-img-2-1024x768.png\" class=\"attachment-large size-large wp-image-2235 lazyload\" alt=\"\" data-srcset=\"https:\/\/www.nitori-furniture.com\/wp-content\/uploads\/2025\/02\/product-sales-img-2-1024x768.png 1024w, https:\/\/www.nitori-furniture.com\/wp-content\/uploads\/2025\/02\/product-sales-img-2-300x225.png 300w, https:\/\/www.nitori-furniture.com\/wp-content\/uploads\/2025\/02\/product-sales-img-2-768x576.png 768w, https:\/\/www.nitori-furniture.com\/wp-content\/uploads\/2025\/02\/product-sales-img-2.png 1200w\" data-sizes=\"(max-width: 800px) 100vw, 800px\" src=\"data:image\/gif;base64,R0lGODlhAQABAAAAACH5BAEKAAEALAAAAAABAAEAAAICTAEAOw==\" style=\"--smush-placeholder-width: 800px; --smush-placeholder-aspect-ratio: 800\/600;\" \/>\t\t\t\t\t\t\t\t\t\t\t\t\t\t\t<\/div>\n\t\t\t\t<\/div>\n\t\t\t\t<div class=\"elementor-element elementor-element-bcc5114 elementor-widget elementor-widget-image\" data-id=\"bcc5114\" data-element_type=\"widget\" data-widget_type=\"image.default\">\n\t\t\t\t<div class=\"elementor-widget-container\">\n\t\t\t\t\t\t\t\t\t\t\t\t\t\t\t<img decoding=\"async\" width=\"800\" height=\"600\" data-src=\"https:\/\/www.nitori-furniture.com\/wp-content\/uploads\/2025\/02\/product-sales-img-3-1024x768.png\" class=\"attachment-large size-large wp-image-2236 lazyload\" alt=\"\" data-srcset=\"https:\/\/www.nitori-furniture.com\/wp-content\/uploads\/2025\/02\/product-sales-img-3-1024x768.png 1024w, https:\/\/www.nitori-furniture.com\/wp-content\/uploads\/2025\/02\/product-sales-img-3-300x225.png 300w, https:\/\/www.nitori-furniture.com\/wp-content\/uploads\/2025\/02\/product-sales-img-3-768x576.png 768w, https:\/\/www.nitori-furniture.com\/wp-content\/uploads\/2025\/02\/product-sales-img-3.png 1200w\" data-sizes=\"(max-width: 800px) 100vw, 800px\" src=\"data:image\/gif;base64,R0lGODlhAQABAAAAACH5BAEKAAEALAAAAAABAAEAAAICTAEAOw==\" style=\"--smush-placeholder-width: 800px; --smush-placeholder-aspect-ratio: 800\/600;\" \/>\t\t\t\t\t\t\t\t\t\t\t\t\t\t\t<\/div>\n\t\t\t\t<\/div>\n\t\t\t\t<div class=\"elementor-element elementor-element-533c710 elementor-widget elementor-widget-image\" data-id=\"533c710\" data-element_type=\"widget\" data-widget_type=\"image.default\">\n\t\t\t\t<div class=\"elementor-widget-container\">\n\t\t\t\t\t\t\t\t\t\t\t\t\t\t\t<img decoding=\"async\" width=\"800\" height=\"600\" data-src=\"https:\/\/www.nitori-furniture.com\/wp-content\/uploads\/2025\/02\/product-sales-img-4-1024x768.png\" class=\"attachment-large size-large wp-image-2237 lazyload\" alt=\"\" data-srcset=\"https:\/\/www.nitori-furniture.com\/wp-content\/uploads\/2025\/02\/product-sales-img-4-1024x768.png 1024w, https:\/\/www.nitori-furniture.com\/wp-content\/uploads\/2025\/02\/product-sales-img-4-300x225.png 300w, https:\/\/www.nitori-furniture.com\/wp-content\/uploads\/2025\/02\/product-sales-img-4-768x576.png 768w, https:\/\/www.nitori-furniture.com\/wp-content\/uploads\/2025\/02\/product-sales-img-4.png 1200w\" data-sizes=\"(max-width: 800px) 100vw, 800px\" src=\"data:image\/gif;base64,R0lGODlhAQABAAAAACH5BAEKAAEALAAAAAABAAEAAAICTAEAOw==\" style=\"--smush-placeholder-width: 800px; --smush-placeholder-aspect-ratio: 800\/600;\" \/>\t\t\t\t\t\t\t\t\t\t\t\t\t\t\t<\/div>\n\t\t\t\t<\/div>\n\t\t\t\t<\/div>\n\t\t\t\t<div class=\"elementor-element elementor-element-b0b509d elementor-widget elementor-widget-heading\" data-id=\"b0b509d\" data-element_type=\"widget\" data-widget_type=\"heading.default\">\n\t\t\t\t<div class=\"elementor-widget-container\">\n\t\t\t\t\t<h2 class=\"elementor-heading-title elementor-size-default\">V\u00ed d\u1ee5 v\u1ec1 c\u00e1c s\u1ea3n ph\u1ea9m c\u1ee7a ch\u00fang t\u00f4i c\u00f3 \u0111\u1ed9 b\u1ec1n v\u00e0 c\u00f4ng n\u0103ng v\u01b0\u1ee3t tr\u1ed9i\n<\/h2>\t\t\t\t<\/div>\n\t\t\t\t<\/div>\n\t\t\t\t<div class=\"elementor-element elementor-element-64658a7 elementor-widget elementor-widget-text-editor\" data-id=\"64658a7\" data-element_type=\"widget\" data-widget_type=\"text-editor.default\">\n\t\t\t\t<div class=\"elementor-widget-container\">\n\t\t\t\t\t\t\t\t\t<p class=\"p1\">T\u1ea5t c\u1ea3 s\u1ea3n ph\u1ea9m c\u1ee7a ch\u00fang t\u00f4i \u0111\u1ec1u \u0111\u01b0\u1ee3c thi\u1ebft k\u1ebf \u0111\u1ec3 \u0111\u00e1p \u1ee9ng nhu c\u1ea7u v\u00e0 k\u1ef3 v\u1ecdng c\u1ee7a kh\u00e1ch h\u00e0ng, mang l\u1ea1i tr\u1ea3i nghi\u1ec7m h\u00e0i l\u00f2ng cho ng\u01b0\u1eddi d\u00f9ng.<\/p>\t\t\t\t\t\t\t\t<\/div>\n\t\t\t\t<\/div>\n\t\t<div class=\"elementor-element elementor-element-5b3bf68 e-grid e-con-full e-con e-child\" data-id=\"5b3bf68\" data-element_type=\"container\">\n\t\t\t\t<div class=\"elementor-element elementor-element-c4d1d82 elementor-widget elementor-widget-image\" data-id=\"c4d1d82\" data-element_type=\"widget\" data-widget_type=\"image.default\">\n\t\t\t\t<div class=\"elementor-widget-container\">\n\t\t\t\t\t\t\t\t\t\t\t\t\t\t\t<img decoding=\"async\" width=\"672\" height=\"1024\" data-src=\"https:\/\/www.nitori-furniture.com\/wp-content\/uploads\/2025\/02\/product-sales-img-5-672x1024.jpg\" class=\"attachment-large size-large wp-image-2422 lazyload\" alt=\"\" data-srcset=\"https:\/\/www.nitori-furniture.com\/wp-content\/uploads\/2025\/02\/product-sales-img-5-672x1024.jpg 672w, https:\/\/www.nitori-furniture.com\/wp-content\/uploads\/2025\/02\/product-sales-img-5-197x300.jpg 197w, https:\/\/www.nitori-furniture.com\/wp-content\/uploads\/2025\/02\/product-sales-img-5-768x1170.jpg 768w, https:\/\/www.nitori-furniture.com\/wp-content\/uploads\/2025\/02\/product-sales-img-5-1008x1536.jpg 1008w, https:\/\/www.nitori-furniture.com\/wp-content\/uploads\/2025\/02\/product-sales-img-5-1345x2048.jpg 1345w, https:\/\/www.nitori-furniture.com\/wp-content\/uploads\/2025\/02\/product-sales-img-5-scaled.jpg 1681w\" data-sizes=\"(max-width: 672px) 100vw, 672px\" src=\"data:image\/gif;base64,R0lGODlhAQABAAAAACH5BAEKAAEALAAAAAABAAEAAAICTAEAOw==\" style=\"--smush-placeholder-width: 672px; --smush-placeholder-aspect-ratio: 672\/1024;\" \/>\t\t\t\t\t\t\t\t\t\t\t\t\t\t\t<\/div>\n\t\t\t\t<\/div>\n\t\t\t\t<div class=\"elementor-element elementor-element-f868509 elementor-widget elementor-widget-image\" data-id=\"f868509\" data-element_type=\"widget\" data-widget_type=\"image.default\">\n\t\t\t\t<div class=\"elementor-widget-container\">\n\t\t\t\t\t\t\t\t\t\t\t\t\t\t\t<img decoding=\"async\" width=\"653\" height=\"1024\" data-src=\"https:\/\/www.nitori-furniture.com\/wp-content\/uploads\/2025\/02\/product-sales-img-6-653x1024.jpg\" class=\"attachment-large size-large wp-image-2423 lazyload\" alt=\"\" data-srcset=\"https:\/\/www.nitori-furniture.com\/wp-content\/uploads\/2025\/02\/product-sales-img-6-653x1024.jpg 653w, https:\/\/www.nitori-furniture.com\/wp-content\/uploads\/2025\/02\/product-sales-img-6-191x300.jpg 191w, https:\/\/www.nitori-furniture.com\/wp-content\/uploads\/2025\/02\/product-sales-img-6-768x1204.jpg 768w, https:\/\/www.nitori-furniture.com\/wp-content\/uploads\/2025\/02\/product-sales-img-6-980x1536.jpg 980w, https:\/\/www.nitori-furniture.com\/wp-content\/uploads\/2025\/02\/product-sales-img-6-1307x2048.jpg 1307w, https:\/\/www.nitori-furniture.com\/wp-content\/uploads\/2025\/02\/product-sales-img-6-scaled.jpg 1633w\" data-sizes=\"(max-width: 653px) 100vw, 653px\" src=\"data:image\/gif;base64,R0lGODlhAQABAAAAACH5BAEKAAEALAAAAAABAAEAAAICTAEAOw==\" style=\"--smush-placeholder-width: 653px; --smush-placeholder-aspect-ratio: 653\/1024;\" \/>\t\t\t\t\t\t\t\t\t\t\t\t\t\t\t<\/div>\n\t\t\t\t<\/div>\n\t\t\t\t<\/div>\n\t\t\t\t<div class=\"elementor-element elementor-element-cafa30f elementor-align-center elementor-widget elementor-widget-button\" data-id=\"cafa30f\" data-element_type=\"widget\" data-widget_type=\"button.default\">\n\t\t\t\t<div class=\"elementor-widget-container\">\n\t\t\t\t\t\t\t\t\t<div class=\"elementor-button-wrapper\">\n\t\t\t\t\t<a class=\"elementor-button elementor-button-link elementor-size-sm\" href=\"https:\/\/www.nitori-furniture.com\/?page_id=3382&#038;lang=vi\">\n\t\t\t\t\t\t<span class=\"elementor-button-content-wrapper\">\n\t\t\t\t\t\t\t\t\t<span class=\"elementor-button-text\">M\u1eabu y\u00eau c\u1ea7u th\u00f4ng tin<\/span>\n\t\t\t\t\t<\/span>\n\t\t\t\t\t<\/a>\n\t\t\t\t<\/div>\n\t\t\t\t\t\t\t\t<\/div>\n\t\t\t\t<\/div>\n\t\t\t\t\t<\/div>\n\t\t\t\t<\/div>\n\t\t\t\t<\/div>\n\t\t","protected":false},"excerpt":{"rendered":"<p>S\u1ea3n ph\u1ea9m b\u00e0y b\u00e1n \u0110em \u0111\u1ebfn cu\u1ed9c s\u1ed1ng sung t\u00fac cho m\u1ecdi ng\u01b0\u1eddi d\u00e2n tr\u00ean to\u00e0n th\u1ebf gi\u1edbi NITORI FURNITURE tri\u1ec3n khai c\u00e1c k\u00eanh b\u00e1n h\u00e0ng \u0111\u1ed3 n\u1ed9i th\u1ea5t OEM. T\u1eadn d\u1ee5ng chuy\u00ean m\u00f4n s\u1ea3n xu\u1ea5t \u0111\u1ed3 n\u1ed9i th\u1ea5t s\u00e2u r\u1ed9ng c\u1ee7a m\u00ecnh, \u0111\u00e3 t\u00edch l\u0169y trong 20 n\u0103m qua \u0111\u1ec3 \u0111\u00e1p \u1ee9ng c\u00e1c ti\u00eau [&hellip;]<\/p>\n","protected":false},"author":3,"featured_media":0,"parent":0,"menu_order":0,"comment_status":"closed","ping_status":"closed","template":"","meta":{"footnotes":""},"class_list":["post-3281","page","type-page","status-publish","hentry"],"_links":{"self":[{"href":"https:\/\/www.nitori-furniture.com\/index.php?rest_route=\/wp\/v2\/pages\/3281","targetHints":{"allow":["GET"]}}],"collection":[{"href":"https:\/\/www.nitori-furniture.com\/index.php?rest_route=\/wp\/v2\/pages"}],"about":[{"href":"https:\/\/www.nitori-furniture.com\/index.php?rest_route=\/wp\/v2\/types\/page"}],"author":[{"embeddable":true,"href":"https:\/\/www.nitori-furniture.com\/index.php?rest_route=\/wp\/v2\/users\/3"}],"replies":[{"embeddable":true,"href":"https:\/\/www.nitori-furniture.com\/index.php?rest_route=%2Fwp%2Fv2%2Fcomments&post=3281"}],"version-history":[{"count":10,"href":"https:\/\/www.nitori-furniture.com\/index.php?rest_route=\/wp\/v2\/pages\/3281\/revisions"}],"predecessor-version":[{"id":3758,"href":"https:\/\/www.nitori-furniture.com\/index.php?rest_route=\/wp\/v2\/pages\/3281\/revisions\/3758"}],"wp:attachment":[{"href":"https:\/\/www.nitori-furniture.com\/index.php?rest_route=%2Fwp%2Fv2%2Fmedia&parent=3281"}],"curies":[{"name":"wp","href":"https:\/\/api.w.org\/{rel}","templated":true}]}}